{"id":9761,"date":"2023-12-11T14:03:45","date_gmt":"2023-12-11T14:03:45","guid":{"rendered":"https:\/\/ghostwhite-donkey-495660.hostingersite.com\/zimmer\/"},"modified":"2025-12-25T10:30:08","modified_gmt":"2025-12-25T10:30:08","slug":"zimmer","status":"publish","type":"page","link":"https:\/\/ansitzschneckart.com\/it\/zimmer\/","title":{"rendered":"La camera"},"content":{"rendered":"\t\t<div data-elementor-type=\"wp-page\" data-elementor-id=\"9761\" class=\"elementor elementor-9761 elementor-9295\" data-elementor-post-type=\"page\">\n\t\t\t\t\t\t<section class=\"elementor-section elementor-top-section elementor-element elementor-element-6ca76d9 elementor-section-boxed elementor-section-height-default elementor-section-height-default\" data-id=\"6ca76d9\" data-element_type=\"section\" data-e-type=\"section\">\n\t\t\t\t\t\t<div class=\"elementor-container elementor-column-gap-default\">\n\t\t\t\t\t<div class=\"elementor-column elementor-col-100 elementor-top-column elementor-element elementor-element-d2406f7\" data-id=\"d2406f7\" data-element_type=\"column\" data-e-type=\"column\">\n\t\t\t<div class=\"elementor-widget-wrap elementor-element-populated\">\n\t\t\t\t\t\t<div class=\"elementor-element elementor-element-02cb1d3 elementor-widget elementor-widget-heading\" data-id=\"02cb1d3\" data-element_type=\"widget\" data-e-type=\"widget\" data-widget_type=\"heading.default\">\n\t\t\t\t<div class=\"elementor-widget-container\">\n\t\t\t\t\t<h2 class=\"elementor-heading-title elementor-size-default\">Le nostre camere<\/h2>\t\t\t\t<\/div>\n\t\t\t\t<\/div>\n\t\t\t\t\t<\/div>\n\t\t<\/div>\n\t\t\t\t\t<\/div>\n\t\t<\/section>\n\t\t\t\t<section class=\"elementor-section elementor-top-section elementor-element elementor-element-6e4e037 elementor-section-boxed elementor-section-height-default elementor-section-height-default\" data-id=\"6e4e037\" data-element_type=\"section\" data-e-type=\"section\">\n\t\t\t\t\t\t<div class=\"elementor-container elementor-column-gap-default\">\n\t\t\t\t\t<div class=\"elementor-column elementor-col-100 elementor-top-column elementor-element elementor-element-07876ed\" data-id=\"07876ed\" data-element_type=\"column\" data-e-type=\"column\">\n\t\t\t<div class=\"elementor-widget-wrap elementor-element-populated\">\n\t\t\t\t\t\t<div class=\"elementor-element elementor-element-bc7f124 elementor-widget elementor-widget-text-editor\" data-id=\"bc7f124\" data-element_type=\"widget\" data-e-type=\"widget\" data-widget_type=\"text-editor.default\">\n\t\t\t\t<div class=\"elementor-widget-container\">\n\t\t\t\t\t\t\t\t\t<p>Tutte le nostre camere sono diverse, ognuna con le proprie caratteristiche e peculiarit\u00e0.<br \/>E poich\u00e9 non siamo un hotel classico, non c&#8217;\u00e8 un elenco preciso,  <br \/>ma alcune impressioni.  <\/p>\n<p>Chiamateci o inviateci un&#8217;e-mail e saremo lieti di aiutarvi a fare la vostra scelta.  <\/p>\n\t\t\t\t\t\t\t\t<\/div>\n\t\t\t\t<\/div>\n\t\t\t\t\t<\/div>\n\t\t<\/div>\n\t\t\t\t\t<\/div>\n\t\t<\/section>\n\t\t\t\t<section class=\"elementor-section elementor-top-section elementor-element elementor-element-5502e3c elementor-section-boxed elementor-section-height-default elementor-section-height-default\" data-id=\"5502e3c\" data-element_type=\"section\" data-e-type=\"section\">\n\t\t\t\t\t\t<div class=\"elementor-container elementor-column-gap-default\">\n\t\t\t\t\t<div class=\"elementor-column elementor-col-100 elementor-top-column elementor-element elementor-element-ee0e8c8\" data-id=\"ee0e8c8\" data-element_type=\"column\" data-e-type=\"column\">\n\t\t\t<div class=\"elementor-widget-wrap elementor-element-populated\">\n\t\t\t\t\t\t<div class=\"elementor-element elementor-element-d0878cd elementor-widget elementor-widget-text-editor\" data-id=\"d0878cd\" data-element_type=\"widget\" data-e-type=\"widget\" data-widget_type=\"text-editor.default\">\n\t\t\t\t<div class=\"elementor-widget-container\">\n\t\t\t\t\t\t\t\t\tLe tariffe delle camere variano tra 200 e 520 euro a seconda della camera e della stagione e si intendono per camera doppia e al giorno. La colazione e tutti i servizi inclusi descritti sono compresi.<br><br>Seguiamo un sistema di prezzi semplice. Oltre alla tariffa della camera non ci sono quasi costi aggiuntivi, poich\u00e9 sono inclusi i seguenti servizi:<br><ul>\r\n \t<li>Parcheggio nel nostro garage<\/li>\r\n \t<li>Colazione preparata fresca ogni giorno<\/li>\r\n \t<li>Tutte le bevande analcoliche come caff\u00e8, acqua, succhi e t\u00e8<\/li>\r\n \t<li>Piccoli snack che potete preparare autonomamente, come mozzarella, pomodori, prosciutto di Parma, Parmigiano e pane<\/li>\r\n \t<li>Utilizzo della cucina comune<\/li>\r\n \t<li>Utilizzo del grill<\/li>\r\n \t<li>Pulizia giornaliera delle camere<\/li>\r\n \t<li>Macchina Nespresso in tutte le camere, rifornita quotidianamente<\/li>\r\n \t<li>Prodotti per la cura personale AESOP nelle camere<\/li>\r\n \t<li>Bollitore con t\u00e8 alle erbe altoatesine \u201cKr\u00e4uterrebellen\u201d<\/li>\r\n<\/ul><br>Gli unici costi aggiuntivi in fattura riguardano le bevande alcoliche.<br>Per gli amanti del vino offriamo qualcosa di speciale: tutti i vini possono essere consumati e acquistati al prezzo di cantina. Da noi non viene applicato alcun ricarico.<br><br>Per garantire il benessere di tutti gli ospiti, accettiamo un massimo di due cani di taglia piccola o media con un\u2019altezza al garrese fino a 60 cm. Vi chiediamo di concordarlo in anticipo al momento della prenotazione. Il costo \u00e8 di 25 euro al giorno. \u00c8 naturalmente vietato l\u2019accesso a letti, divani e piscina.<br><br>Saremo lieti di darvi il benvenuto.\t\t\t\t\t\t\t\t<\/div>\n\t\t\t\t<\/div>\n\t\t\t\t\t<\/div>\n\t\t<\/div>\n\t\t\t\t\t<\/div>\n\t\t<\/section>\n\t\t\t\t<section class=\"elementor-section elementor-top-section elementor-element elementor-element-258b86b elementor-section-full_width elementor-section-stretched elementor-section-height-default elementor-section-height-default\" data-id=\"258b86b\" data-element_type=\"section\" data-e-type=\"section\" data-settings=\"{&quot;stretch_section&quot;:&quot;section-stretched&quot;}\">\n\t\t\t\t\t\t<div class=\"elementor-container elementor-column-gap-default\">\n\t\t\t\t\t<div class=\"elementor-column elementor-col-100 elementor-top-column elementor-element elementor-element-c904d13\" data-id=\"c904d13\" data-element_type=\"column\" data-e-type=\"column\">\n\t\t\t<div class=\"elementor-widget-wrap elementor-element-populated\">\n\t\t\t\t\t\t<div class=\"elementor-element elementor-element-af91bc8 elementor-widget elementor-widget-gallery\" data-id=\"af91bc8\" data-element_type=\"widget\" data-e-type=\"widget\" data-settings=\"{&quot;columns&quot;:3,&quot;aspect_ratio&quot;:&quot;4:3&quot;,&quot;gallery_layout&quot;:&quot;grid&quot;,&quot;columns_tablet&quot;:2,&quot;columns_mobile&quot;:1,&quot;gap&quot;:{&quot;unit&quot;:&quot;px&quot;,&quot;size&quot;:10,&quot;sizes&quot;:[]},&quot;gap_laptop&quot;:{&quot;unit&quot;:&quot;px&quot;,&quot;size&quot;:10,&quot;sizes&quot;:[]},&quot;gap_tablet&quot;:{&quot;unit&quot;:&quot;px&quot;,&quot;size&quot;:10,&quot;sizes&quot;:[]},&quot;gap_mobile&quot;:{&quot;unit&quot;:&quot;px&quot;,&quot;size&quot;:10,&quot;sizes&quot;:[]},&quot;link_to&quot;:&quot;file&quot;}\" data-widget_type=\"gallery.default\">\n\t\t\t\t<div class=\"elementor-widget-container\">\n\t\t\t\t\t\t\t<div class=\"elementor-gallery__container\">\n\t\t\t\t\t\t\t<a class=\"e-gallery-item elementor-gallery-item\" href=\"https:\/\/ansitzschneckart.com\/wp-content\/uploads\/2023\/12\/Zimmer-2-1.jpg\" data-elementor-open-lightbox=\"yes\" data-elementor-lightbox-slideshow=\"af91bc8\" data-elementor-lightbox-title=\"Zimmer 2\" data-e-action-hash=\"#elementor-action%3Aaction%3Dlightbox%26settings%3DeyJpZCI6OTQ5MiwidXJsIjoiaHR0cHM6XC9cL2Fuc2l0enNjaG5lY2thcnQuY29tXC93cC1jb250ZW50XC91cGxvYWRzXC8yMDIzXC8xMlwvWmltbWVyLTItMS5qcGciLCJzbGlkZXNob3ciOiJhZjkxYmM4In0%3D\">\n\t\t\t\t\t<div class=\"e-gallery-image elementor-gallery-item__image\" data-thumbnail=\"https:\/\/ansitzschneckart.com\/wp-content\/uploads\/2023\/12\/Zimmer-2-1.jpg\" data-width=\"1800\" data-height=\"1159\" aria-label=\"\" role=\"img\" ><\/div>\n\t\t\t\t\t\t\t\t\t\t\t\t\t\t<\/a>\n\t\t\t\t\t\t\t<a class=\"e-gallery-item elementor-gallery-item\" href=\"https:\/\/ansitzschneckart.com\/wp-content\/uploads\/2023\/12\/Zimmer-3-1.jpg\" data-elementor-open-lightbox=\"yes\" data-elementor-lightbox-slideshow=\"af91bc8\" data-elementor-lightbox-title=\"Zimmer 3\" data-e-action-hash=\"#elementor-action%3Aaction%3Dlightbox%26settings%3DeyJpZCI6OTQ5NSwidXJsIjoiaHR0cHM6XC9cL2Fuc2l0enNjaG5lY2thcnQuY29tXC93cC1jb250ZW50XC91cGxvYWRzXC8yMDIzXC8xMlwvWmltbWVyLTMtMS5qcGciLCJzbGlkZXNob3ciOiJhZjkxYmM4In0%3D\">\n\t\t\t\t\t<div class=\"e-gallery-image elementor-gallery-item__image\" data-thumbnail=\"https:\/\/ansitzschneckart.com\/wp-content\/uploads\/2023\/12\/Zimmer-3-1.jpg\" data-width=\"1800\" data-height=\"1176\" aria-label=\"\" role=\"img\" ><\/div>\n\t\t\t\t\t\t\t\t\t\t\t\t\t\t<\/a>\n\t\t\t\t\t\t\t<a class=\"e-gallery-item elementor-gallery-item\" href=\"https:\/\/ansitzschneckart.com\/wp-content\/uploads\/2023\/12\/Zimmer-4-1.jpg\" data-elementor-open-lightbox=\"yes\" data-elementor-lightbox-slideshow=\"af91bc8\" data-elementor-lightbox-title=\"Zimmer 4\" data-e-action-hash=\"#elementor-action%3Aaction%3Dlightbox%26settings%3DeyJpZCI6OTQ5OCwidXJsIjoiaHR0cHM6XC9cL2Fuc2l0enNjaG5lY2thcnQuY29tXC93cC1jb250ZW50XC91cGxvYWRzXC8yMDIzXC8xMlwvWmltbWVyLTQtMS5qcGciLCJzbGlkZXNob3ciOiJhZjkxYmM4In0%3D\">\n\t\t\t\t\t<div class=\"e-gallery-image elementor-gallery-item__image\" data-thumbnail=\"https:\/\/ansitzschneckart.com\/wp-content\/uploads\/2023\/12\/Zimmer-4-1.jpg\" data-width=\"1800\" data-height=\"1218\" aria-label=\"\" role=\"img\" ><\/div>\n\t\t\t\t\t\t\t\t\t\t\t\t\t\t<\/a>\n\t\t\t\t\t\t\t<a class=\"e-gallery-item elementor-gallery-item\" href=\"https:\/\/ansitzschneckart.com\/wp-content\/uploads\/2023\/12\/Zimmer-5-1.jpg\" data-elementor-open-lightbox=\"yes\" data-elementor-lightbox-slideshow=\"af91bc8\" data-elementor-lightbox-title=\"Zimmer 5\" data-e-action-hash=\"#elementor-action%3Aaction%3Dlightbox%26settings%3DeyJpZCI6OTUwMSwidXJsIjoiaHR0cHM6XC9cL2Fuc2l0enNjaG5lY2thcnQuY29tXC93cC1jb250ZW50XC91cGxvYWRzXC8yMDIzXC8xMlwvWmltbWVyLTUtMS5qcGciLCJzbGlkZXNob3ciOiJhZjkxYmM4In0%3D\">\n\t\t\t\t\t<div class=\"e-gallery-image elementor-gallery-item__image\" data-thumbnail=\"https:\/\/ansitzschneckart.com\/wp-content\/uploads\/2023\/12\/Zimmer-5-1.jpg\" data-width=\"1800\" data-height=\"1300\" aria-label=\"\" role=\"img\" ><\/div>\n\t\t\t\t\t\t\t\t\t\t\t\t\t\t<\/a>\n\t\t\t\t\t\t\t<a class=\"e-gallery-item elementor-gallery-item\" href=\"https:\/\/ansitzschneckart.com\/wp-content\/uploads\/2023\/12\/Zimmer-1-1.jpg\" data-elementor-open-lightbox=\"yes\" data-elementor-lightbox-slideshow=\"af91bc8\" data-elementor-lightbox-title=\"Zimmer 1\" data-e-action-hash=\"#elementor-action%3Aaction%3Dlightbox%26settings%3DeyJpZCI6OTQ4OSwidXJsIjoiaHR0cHM6XC9cL2Fuc2l0enNjaG5lY2thcnQuY29tXC93cC1jb250ZW50XC91cGxvYWRzXC8yMDIzXC8xMlwvWmltbWVyLTEtMS5qcGciLCJzbGlkZXNob3ciOiJhZjkxYmM4In0%3D\">\n\t\t\t\t\t<div class=\"e-gallery-image elementor-gallery-item__image\" data-thumbnail=\"https:\/\/ansitzschneckart.com\/wp-content\/uploads\/2023\/12\/Zimmer-1-1.jpg\" data-width=\"1800\" data-height=\"1150\" aria-label=\"\" role=\"img\" ><\/div>\n\t\t\t\t\t\t\t\t\t\t\t\t\t\t<\/a>\n\t\t\t\t\t\t\t<a class=\"e-gallery-item elementor-gallery-item\" href=\"https:\/\/ansitzschneckart.com\/wp-content\/uploads\/2023\/12\/Zimmer-7-1.jpg\" data-elementor-open-lightbox=\"yes\" data-elementor-lightbox-slideshow=\"af91bc8\" data-elementor-lightbox-title=\"Zimmer 7\" data-e-action-hash=\"#elementor-action%3Aaction%3Dlightbox%26settings%3DeyJpZCI6OTUwNywidXJsIjoiaHR0cHM6XC9cL2Fuc2l0enNjaG5lY2thcnQuY29tXC93cC1jb250ZW50XC91cGxvYWRzXC8yMDIzXC8xMlwvWmltbWVyLTctMS5qcGciLCJzbGlkZXNob3ciOiJhZjkxYmM4In0%3D\">\n\t\t\t\t\t<div class=\"e-gallery-image elementor-gallery-item__image\" data-thumbnail=\"https:\/\/ansitzschneckart.com\/wp-content\/uploads\/2023\/12\/Zimmer-7-1.jpg\" data-width=\"1800\" data-height=\"1201\" aria-label=\"\" role=\"img\" ><\/div>\n\t\t\t\t\t\t\t\t\t\t\t\t\t\t<\/a>\n\t\t\t\t\t\t\t<a class=\"e-gallery-item elementor-gallery-item\" href=\"https:\/\/ansitzschneckart.com\/wp-content\/uploads\/2023\/12\/Zimmer-8-1.jpg\" data-elementor-open-lightbox=\"yes\" data-elementor-lightbox-slideshow=\"af91bc8\" data-elementor-lightbox-title=\"Zimmer 8\" data-e-action-hash=\"#elementor-action%3Aaction%3Dlightbox%26settings%3DeyJpZCI6OTUxMCwidXJsIjoiaHR0cHM6XC9cL2Fuc2l0enNjaG5lY2thcnQuY29tXC93cC1jb250ZW50XC91cGxvYWRzXC8yMDIzXC8xMlwvWmltbWVyLTgtMS5qcGciLCJzbGlkZXNob3ciOiJhZjkxYmM4In0%3D\">\n\t\t\t\t\t<div class=\"e-gallery-image elementor-gallery-item__image\" data-thumbnail=\"https:\/\/ansitzschneckart.com\/wp-content\/uploads\/2023\/12\/Zimmer-8-1.jpg\" data-width=\"1800\" data-height=\"1116\" aria-label=\"\" role=\"img\" ><\/div>\n\t\t\t\t\t\t\t\t\t\t\t\t\t\t<\/a>\n\t\t\t\t\t\t\t<a class=\"e-gallery-item elementor-gallery-item\" href=\"https:\/\/ansitzschneckart.com\/wp-content\/uploads\/2023\/12\/Zimmer-16.jpg\" data-elementor-open-lightbox=\"yes\" data-elementor-lightbox-slideshow=\"af91bc8\" data-elementor-lightbox-title=\"Zimmer 16\" data-e-action-hash=\"#elementor-action%3Aaction%3Dlightbox%26settings%3DeyJpZCI6OTg2NCwidXJsIjoiaHR0cHM6XC9cL2Fuc2l0enNjaG5lY2thcnQuY29tXC93cC1jb250ZW50XC91cGxvYWRzXC8yMDIzXC8xMlwvWmltbWVyLTE2LmpwZyIsInNsaWRlc2hvdyI6ImFmOTFiYzgifQ%3D%3D\">\n\t\t\t\t\t<div class=\"e-gallery-image elementor-gallery-item__image\" data-thumbnail=\"https:\/\/ansitzschneckart.com\/wp-content\/uploads\/2023\/12\/Zimmer-16.jpg\" data-width=\"1800\" data-height=\"1168\" aria-label=\"\" role=\"img\" ><\/div>\n\t\t\t\t\t\t\t\t\t\t\t\t\t\t<\/a>\n\t\t\t\t\t\t\t<a class=\"e-gallery-item elementor-gallery-item\" href=\"https:\/\/ansitzschneckart.com\/wp-content\/uploads\/2023\/12\/Zimmer-17.jpg\" data-elementor-open-lightbox=\"yes\" data-elementor-lightbox-slideshow=\"af91bc8\" data-elementor-lightbox-title=\"Zimmer 17\" data-e-action-hash=\"#elementor-action%3Aaction%3Dlightbox%26settings%3DeyJpZCI6OTg2NywidXJsIjoiaHR0cHM6XC9cL2Fuc2l0enNjaG5lY2thcnQuY29tXC93cC1jb250ZW50XC91cGxvYWRzXC8yMDIzXC8xMlwvWmltbWVyLTE3LmpwZyIsInNsaWRlc2hvdyI6ImFmOTFiYzgifQ%3D%3D\">\n\t\t\t\t\t<div class=\"e-gallery-image elementor-gallery-item__image\" data-thumbnail=\"https:\/\/ansitzschneckart.com\/wp-content\/uploads\/2023\/12\/Zimmer-17.jpg\" data-width=\"1800\" data-height=\"1264\" aria-label=\"\" role=\"img\" ><\/div>\n\t\t\t\t\t\t\t\t\t\t\t\t\t\t<\/a>\n\t\t\t\t\t\t\t<a class=\"e-gallery-item elementor-gallery-item\" href=\"https:\/\/ansitzschneckart.com\/wp-content\/uploads\/2023\/12\/Zimmer-11-1.jpg\" data-elementor-open-lightbox=\"yes\" data-elementor-lightbox-slideshow=\"af91bc8\" data-elementor-lightbox-title=\"Zimmer 11\" data-e-action-hash=\"#elementor-action%3Aaction%3Dlightbox%26settings%3DeyJpZCI6OTUxOSwidXJsIjoiaHR0cHM6XC9cL2Fuc2l0enNjaG5lY2thcnQuY29tXC93cC1jb250ZW50XC91cGxvYWRzXC8yMDIzXC8xMlwvWmltbWVyLTExLTEuanBnIiwic2xpZGVzaG93IjoiYWY5MWJjOCJ9\">\n\t\t\t\t\t<div class=\"e-gallery-image elementor-gallery-item__image\" data-thumbnail=\"https:\/\/ansitzschneckart.com\/wp-content\/uploads\/2023\/12\/Zimmer-11-1.jpg\" data-width=\"1800\" data-height=\"1201\" aria-label=\"\" role=\"img\" ><\/div>\n\t\t\t\t\t\t\t\t\t\t\t\t\t\t<\/a>\n\t\t\t\t\t\t\t<a class=\"e-gallery-item elementor-gallery-item\" href=\"https:\/\/ansitzschneckart.com\/wp-content\/uploads\/2023\/12\/Zimmer-10-1.jpg\" data-elementor-open-lightbox=\"yes\" data-elementor-lightbox-slideshow=\"af91bc8\" data-elementor-lightbox-title=\"Zimmer 10\" data-e-action-hash=\"#elementor-action%3Aaction%3Dlightbox%26settings%3DeyJpZCI6OTUxNiwidXJsIjoiaHR0cHM6XC9cL2Fuc2l0enNjaG5lY2thcnQuY29tXC93cC1jb250ZW50XC91cGxvYWRzXC8yMDIzXC8xMlwvWmltbWVyLTEwLTEuanBnIiwic2xpZGVzaG93IjoiYWY5MWJjOCJ9\">\n\t\t\t\t\t<div class=\"e-gallery-image elementor-gallery-item__image\" data-thumbnail=\"https:\/\/ansitzschneckart.com\/wp-content\/uploads\/2023\/12\/Zimmer-10-1.jpg\" data-width=\"1800\" data-height=\"1201\" aria-label=\"\" role=\"img\" ><\/div>\n\t\t\t\t\t\t\t\t\t\t\t\t\t\t<\/a>\n\t\t\t\t\t\t\t<a class=\"e-gallery-item elementor-gallery-item\" href=\"https:\/\/ansitzschneckart.com\/wp-content\/uploads\/2023\/12\/Zimmer-13-1.jpg\" data-elementor-open-lightbox=\"yes\" data-elementor-lightbox-slideshow=\"af91bc8\" data-elementor-lightbox-title=\"Zimmer 13\" data-e-action-hash=\"#elementor-action%3Aaction%3Dlightbox%26settings%3DeyJpZCI6OTUyNSwidXJsIjoiaHR0cHM6XC9cL2Fuc2l0enNjaG5lY2thcnQuY29tXC93cC1jb250ZW50XC91cGxvYWRzXC8yMDIzXC8xMlwvWmltbWVyLTEzLTEuanBnIiwic2xpZGVzaG93IjoiYWY5MWJjOCJ9\">\n\t\t\t\t\t<div class=\"e-gallery-image elementor-gallery-item__image\" data-thumbnail=\"https:\/\/ansitzschneckart.com\/wp-content\/uploads\/2023\/12\/Zimmer-13-1.jpg\" data-width=\"1800\" data-height=\"1137\" aria-label=\"\" role=\"img\" ><\/div>\n\t\t\t\t\t\t\t\t\t\t\t\t\t\t<\/a>\n\t\t\t\t\t\t\t<a class=\"e-gallery-item elementor-gallery-item\" href=\"https:\/\/ansitzschneckart.com\/wp-content\/uploads\/2023\/12\/Zimmer-18.jpg\" data-elementor-open-lightbox=\"yes\" data-elementor-lightbox-slideshow=\"af91bc8\" data-elementor-lightbox-title=\"Zimmer 18\" data-e-action-hash=\"#elementor-action%3Aaction%3Dlightbox%26settings%3DeyJpZCI6OTg3MSwidXJsIjoiaHR0cHM6XC9cL2Fuc2l0enNjaG5lY2thcnQuY29tXC93cC1jb250ZW50XC91cGxvYWRzXC8yMDIzXC8xMlwvWmltbWVyLTE4LmpwZyIsInNsaWRlc2hvdyI6ImFmOTFiYzgifQ%3D%3D\">\n\t\t\t\t\t<div class=\"e-gallery-image elementor-gallery-item__image\" data-thumbnail=\"https:\/\/ansitzschneckart.com\/wp-content\/uploads\/2023\/12\/Zimmer-18.jpg\" data-width=\"1800\" data-height=\"1205\" aria-label=\"\" role=\"img\" ><\/div>\n\t\t\t\t\t\t\t\t\t\t\t\t\t\t<\/a>\n\t\t\t\t\t\t\t<a class=\"e-gallery-item elementor-gallery-item\" href=\"https:\/\/ansitzschneckart.com\/wp-content\/uploads\/2023\/12\/Zimmer-14-1.jpg\" data-elementor-open-lightbox=\"yes\" data-elementor-lightbox-slideshow=\"af91bc8\" data-elementor-lightbox-title=\"Zimmer 14\" data-e-action-hash=\"#elementor-action%3Aaction%3Dlightbox%26settings%3DeyJpZCI6OTUyOCwidXJsIjoiaHR0cHM6XC9cL2Fuc2l0enNjaG5lY2thcnQuY29tXC93cC1jb250ZW50XC91cGxvYWRzXC8yMDIzXC8xMlwvWmltbWVyLTE0LTEuanBnIiwic2xpZGVzaG93IjoiYWY5MWJjOCJ9\">\n\t\t\t\t\t<div class=\"e-gallery-image elementor-gallery-item__image\" data-thumbnail=\"https:\/\/ansitzschneckart.com\/wp-content\/uploads\/2023\/12\/Zimmer-14-1.jpg\" data-width=\"1800\" data-height=\"1129\" aria-label=\"\" role=\"img\" ><\/div>\n\t\t\t\t\t\t\t\t\t\t\t\t\t\t<\/a>\n\t\t\t\t\t\t\t<a class=\"e-gallery-item elementor-gallery-item\" href=\"https:\/\/ansitzschneckart.com\/wp-content\/uploads\/2023\/12\/Zimmer-15-1.jpg\" data-elementor-open-lightbox=\"yes\" data-elementor-lightbox-slideshow=\"af91bc8\" data-elementor-lightbox-title=\"Zimmer 15\" data-e-action-hash=\"#elementor-action%3Aaction%3Dlightbox%26settings%3DeyJpZCI6OTUzMSwidXJsIjoiaHR0cHM6XC9cL2Fuc2l0enNjaG5lY2thcnQuY29tXC93cC1jb250ZW50XC91cGxvYWRzXC8yMDIzXC8xMlwvWmltbWVyLTE1LTEuanBnIiwic2xpZGVzaG93IjoiYWY5MWJjOCJ9\">\n\t\t\t\t\t<div class=\"e-gallery-image elementor-gallery-item__image\" data-thumbnail=\"https:\/\/ansitzschneckart.com\/wp-content\/uploads\/2023\/12\/Zimmer-15-1.jpg\" data-width=\"1800\" data-height=\"1266\" aria-label=\"\" role=\"img\" ><\/div>\n\t\t\t\t\t\t\t\t\t\t\t\t\t\t<\/a>\n\t\t\t\t\t<\/div>\n\t\t\t\t\t<\/div>\n\t\t\t\t<\/div>\n\t\t\t\t\t<\/div>\n\t\t<\/div>\n\t\t\t\t\t<\/div>\n\t\t<\/section>\n\t\t\t\t<\/div>\n\t\t","protected":false},"excerpt":{"rendered":"<p>Le nostre camere Tutte le nostre camere sono diverse, ognuna con le proprie caratteristiche e peculiarit\u00e0.E poich\u00e9 non siamo un hotel classico, non c&#8217;\u00e8 un elenco preciso, ma alcune impressioni. Chiamateci o inviateci un&#8217;e-mail e saremo lieti di aiutarvi a fare la vostra scelta. Le tariffe delle camere variano tra 200 e 520 euro a [&hellip;]<\/p>\n","protected":false},"author":15,"featured_media":0,"parent":0,"menu_order":0,"comment_status":"closed","ping_status":"closed","template":"","meta":{"footnotes":""},"class_list":["post-9761","page","type-page","status-publish","hentry"],"yoast_head":"<!-- This site is optimized with the Yoast SEO plugin v27.2 - https:\/\/yoast.com\/product\/yoast-seo-wordpress\/ -->\n<title>La camera - Ansitz Schneckart<\/title>\n<meta name=\"robots\" content=\"index, follow, max-snippet:-1, max-image-preview:large, max-video-preview:-1\" \/>\n<link rel=\"canonical\" href=\"https:\/\/ansitzschneckart.com\/zimmer\/\" \/>\n<meta property=\"og:locale\" content=\"it_IT\" \/>\n<meta property=\"og:type\" content=\"article\" \/>\n<meta property=\"og:title\" content=\"La camera - Ansitz Schneckart\" \/>\n<meta property=\"og:description\" content=\"Le nostre camere Tutte le nostre camere sono diverse, ognuna con le proprie caratteristiche e peculiarit\u00e0.E poich\u00e9 non siamo un hotel classico, non c&#8217;\u00e8 un elenco preciso, ma alcune impressioni. Chiamateci o inviateci un&#8217;e-mail e saremo lieti di aiutarvi a fare la vostra scelta. Le tariffe delle camere variano tra 200 e 520 euro a [&hellip;]\" \/>\n<meta property=\"og:url\" content=\"https:\/\/ansitzschneckart.com\/zimmer\/\" \/>\n<meta property=\"og:site_name\" content=\"Ansitz Schneckart\" \/>\n<meta property=\"article:modified_time\" content=\"2025-12-25T10:30:08+00:00\" \/>\n<meta name=\"twitter:card\" content=\"summary_large_image\" \/>\n<meta name=\"twitter:label1\" content=\"Tempo di lettura stimato\" \/>\n\t<meta name=\"twitter:data1\" content=\"1 minuto\" \/>\n<script type=\"application\/ld+json\" class=\"yoast-schema-graph\">{\"@context\":\"https:\/\/schema.org\",\"@graph\":[{\"@type\":\"WebPage\",\"@id\":\"https:\/\/ansitzschneckart.com\/zimmer\/\",\"url\":\"https:\/\/ansitzschneckart.com\/zimmer\/\",\"name\":\"La camera - Ansitz Schneckart\",\"isPartOf\":{\"@id\":\"https:\/\/ansitzschneckart.com\/#website\"},\"datePublished\":\"2023-12-11T14:03:45+00:00\",\"dateModified\":\"2025-12-25T10:30:08+00:00\",\"breadcrumb\":{\"@id\":\"https:\/\/ansitzschneckart.com\/zimmer\/#breadcrumb\"},\"inLanguage\":\"it-IT\",\"potentialAction\":[{\"@type\":\"ReadAction\",\"target\":[\"https:\/\/ansitzschneckart.com\/zimmer\/\"]}]},{\"@type\":\"BreadcrumbList\",\"@id\":\"https:\/\/ansitzschneckart.com\/zimmer\/#breadcrumb\",\"itemListElement\":[{\"@type\":\"ListItem\",\"position\":1,\"name\":\"Home\",\"item\":\"https:\/\/ansitzschneckart.com\/\"},{\"@type\":\"ListItem\",\"position\":2,\"name\":\"La camera\"}]},{\"@type\":\"WebSite\",\"@id\":\"https:\/\/ansitzschneckart.com\/#website\",\"url\":\"https:\/\/ansitzschneckart.com\/\",\"name\":\"Ansitz Schneckart\",\"description\":\"Ein Haus von Freunden f\u00fcr Freunde\",\"publisher\":{\"@id\":\"https:\/\/ansitzschneckart.com\/#organization\"},\"potentialAction\":[{\"@type\":\"SearchAction\",\"target\":{\"@type\":\"EntryPoint\",\"urlTemplate\":\"https:\/\/ansitzschneckart.com\/?s={search_term_string}\"},\"query-input\":{\"@type\":\"PropertyValueSpecification\",\"valueRequired\":true,\"valueName\":\"search_term_string\"}}],\"inLanguage\":\"it-IT\"},{\"@type\":\"Organization\",\"@id\":\"https:\/\/ansitzschneckart.com\/#organization\",\"name\":\"Ansitz Schneckart\",\"url\":\"https:\/\/ansitzschneckart.com\/\",\"logo\":{\"@type\":\"ImageObject\",\"inLanguage\":\"it-IT\",\"@id\":\"https:\/\/ansitzschneckart.com\/#\/schema\/logo\/image\/\",\"url\":\"https:\/\/ansitzschneckart.com\/wp-content\/uploads\/2024\/08\/logo.jpg\",\"contentUrl\":\"https:\/\/ansitzschneckart.com\/wp-content\/uploads\/2024\/08\/logo.jpg\",\"width\":1500,\"height\":213,\"caption\":\"Ansitz Schneckart\"},\"image\":{\"@id\":\"https:\/\/ansitzschneckart.com\/#\/schema\/logo\/image\/\"}}]}<\/script>\n<!-- \/ Yoast SEO plugin. -->","yoast_head_json":{"title":"La camera - Ansitz Schneckart","robots":{"index":"index","follow":"follow","max-snippet":"max-snippet:-1","max-image-preview":"max-image-preview:large","max-video-preview":"max-video-preview:-1"},"canonical":"https:\/\/ansitzschneckart.com\/zimmer\/","og_locale":"it_IT","og_type":"article","og_title":"La camera - Ansitz Schneckart","og_description":"Le nostre camere Tutte le nostre camere sono diverse, ognuna con le proprie caratteristiche e peculiarit\u00e0.E poich\u00e9 non siamo un hotel classico, non c&#8217;\u00e8 un elenco preciso, ma alcune impressioni. Chiamateci o inviateci un&#8217;e-mail e saremo lieti di aiutarvi a fare la vostra scelta. Le tariffe delle camere variano tra 200 e 520 euro a [&hellip;]","og_url":"https:\/\/ansitzschneckart.com\/zimmer\/","og_site_name":"Ansitz Schneckart","article_modified_time":"2025-12-25T10:30:08+00:00","twitter_card":"summary_large_image","twitter_misc":{"Tempo di lettura stimato":"1 minuto"},"schema":{"@context":"https:\/\/schema.org","@graph":[{"@type":"WebPage","@id":"https:\/\/ansitzschneckart.com\/zimmer\/","url":"https:\/\/ansitzschneckart.com\/zimmer\/","name":"La camera - Ansitz Schneckart","isPartOf":{"@id":"https:\/\/ansitzschneckart.com\/#website"},"datePublished":"2023-12-11T14:03:45+00:00","dateModified":"2025-12-25T10:30:08+00:00","breadcrumb":{"@id":"https:\/\/ansitzschneckart.com\/zimmer\/#breadcrumb"},"inLanguage":"it-IT","potentialAction":[{"@type":"ReadAction","target":["https:\/\/ansitzschneckart.com\/zimmer\/"]}]},{"@type":"BreadcrumbList","@id":"https:\/\/ansitzschneckart.com\/zimmer\/#breadcrumb","itemListElement":[{"@type":"ListItem","position":1,"name":"Home","item":"https:\/\/ansitzschneckart.com\/"},{"@type":"ListItem","position":2,"name":"La camera"}]},{"@type":"WebSite","@id":"https:\/\/ansitzschneckart.com\/#website","url":"https:\/\/ansitzschneckart.com\/","name":"Ansitz Schneckart","description":"Ein Haus von Freunden f\u00fcr Freunde","publisher":{"@id":"https:\/\/ansitzschneckart.com\/#organization"},"potentialAction":[{"@type":"SearchAction","target":{"@type":"EntryPoint","urlTemplate":"https:\/\/ansitzschneckart.com\/?s={search_term_string}"},"query-input":{"@type":"PropertyValueSpecification","valueRequired":true,"valueName":"search_term_string"}}],"inLanguage":"it-IT"},{"@type":"Organization","@id":"https:\/\/ansitzschneckart.com\/#organization","name":"Ansitz Schneckart","url":"https:\/\/ansitzschneckart.com\/","logo":{"@type":"ImageObject","inLanguage":"it-IT","@id":"https:\/\/ansitzschneckart.com\/#\/schema\/logo\/image\/","url":"https:\/\/ansitzschneckart.com\/wp-content\/uploads\/2024\/08\/logo.jpg","contentUrl":"https:\/\/ansitzschneckart.com\/wp-content\/uploads\/2024\/08\/logo.jpg","width":1500,"height":213,"caption":"Ansitz Schneckart"},"image":{"@id":"https:\/\/ansitzschneckart.com\/#\/schema\/logo\/image\/"}}]}},"_links":{"self":[{"href":"https:\/\/ansitzschneckart.com\/it\/wp-json\/wp\/v2\/pages\/9761","targetHints":{"allow":["GET"]}}],"collection":[{"href":"https:\/\/ansitzschneckart.com\/it\/wp-json\/wp\/v2\/pages"}],"about":[{"href":"https:\/\/ansitzschneckart.com\/it\/wp-json\/wp\/v2\/types\/page"}],"author":[{"embeddable":true,"href":"https:\/\/ansitzschneckart.com\/it\/wp-json\/wp\/v2\/users\/15"}],"replies":[{"embeddable":true,"href":"https:\/\/ansitzschneckart.com\/it\/wp-json\/wp\/v2\/comments?post=9761"}],"version-history":[{"count":4,"href":"https:\/\/ansitzschneckart.com\/it\/wp-json\/wp\/v2\/pages\/9761\/revisions"}],"predecessor-version":[{"id":10284,"href":"https:\/\/ansitzschneckart.com\/it\/wp-json\/wp\/v2\/pages\/9761\/revisions\/10284"}],"wp:attachment":[{"href":"https:\/\/ansitzschneckart.com\/it\/wp-json\/wp\/v2\/media?parent=9761"}],"curies":[{"name":"wp","href":"https:\/\/api.w.org\/{rel}","templated":true}]}}