{"id":8879,"date":"2022-05-22T09:28:40","date_gmt":"2022-05-22T09:28:40","guid":{"rendered":"https:\/\/ansitzschneckart.webfromtom.it\/chi-siamo\/"},"modified":"2024-07-24T12:05:55","modified_gmt":"2024-07-24T12:05:55","slug":"chi-siamo","status":"publish","type":"page","link":"https:\/\/ansitzschneckart.com\/it\/chi-siamo\/","title":{"rendered":"Chi siamo"},"content":{"rendered":"\t\t<div data-elementor-type=\"wp-page\" data-elementor-id=\"8879\" class=\"elementor elementor-8879 elementor-5140\" data-elementor-post-type=\"page\">\n\t\t\t\t\t\t<section class=\"elementor-section elementor-top-section elementor-element elementor-element-6789290 elementor-hidden-desktop elementor-hidden-laptop elementor-hidden-tablet elementor-hidden-mobile elementor-section-boxed elementor-section-height-default elementor-section-height-default\" data-id=\"6789290\" data-element_type=\"section\" data-e-type=\"section\">\n\t\t\t\t\t\t<div class=\"elementor-container elementor-column-gap-default\">\n\t\t\t\t\t<div class=\"elementor-column elementor-col-100 elementor-top-column elementor-element elementor-element-fac410b\" data-id=\"fac410b\" data-element_type=\"column\" data-e-type=\"column\">\n\t\t\t<div class=\"elementor-widget-wrap elementor-element-populated\">\n\t\t\t\t\t\t<div class=\"elementor-element elementor-element-d0b10da elementor-widget elementor-widget-heading\" data-id=\"d0b10da\" data-element_type=\"widget\" data-e-type=\"widget\" data-widget_type=\"heading.default\">\n\t\t\t\t<div class=\"elementor-widget-container\">\n\t\t\t\t\t<h2 class=\"elementor-heading-title elementor-size-default\">La buon'anima di Ansitz Schneckart<\/h2>\t\t\t\t<\/div>\n\t\t\t\t<\/div>\n\t\t\t\t\t<\/div>\n\t\t<\/div>\n\t\t\t\t\t<\/div>\n\t\t<\/section>\n\t\t\t\t<section class=\"elementor-section elementor-top-section elementor-element elementor-element-14fc651 elementor-hidden-desktop elementor-hidden-laptop elementor-hidden-tablet elementor-hidden-mobile elementor-section-boxed elementor-section-height-default elementor-section-height-default\" data-id=\"14fc651\" data-element_type=\"section\" data-e-type=\"section\">\n\t\t\t\t\t\t<div class=\"elementor-container elementor-column-gap-default\">\n\t\t\t\t\t<div class=\"elementor-column elementor-col-50 elementor-top-column elementor-element elementor-element-ae0920f\" data-id=\"ae0920f\" data-element_type=\"column\" data-e-type=\"column\">\n\t\t\t<div class=\"elementor-widget-wrap elementor-element-populated\">\n\t\t\t\t\t\t<div class=\"elementor-element elementor-element-76fbaa7 elementor-widget__width-initial elementor-widget elementor-widget-text-editor\" data-id=\"76fbaa7\" data-element_type=\"widget\" data-e-type=\"widget\" data-widget_type=\"text-editor.default\">\n\t\t\t\t<div class=\"elementor-widget-container\">\n\t\t\t\t\t\t\t\t\t<p>Nel corso degli anni, il settore alberghiero mi ha conquistato: le sfide sempre nuove e il lavoro di squadra sono incredibilmente divertenti. Inoltre, c&#8217;\u00e8 l&#8217;opportunit\u00e0 di conoscere persone magiche e le loro storie emozionanti da tutto il mondo.<br \/>Negli ultimi anni ho avuto modo di fare esperienza in alcuni grandi alberghi, ma il periodo pi\u00f9 formativo \u00e8 stato probabilmente al Seehotel Ambach, un hotel unico degli anni &#8217;70 sul lago di Caldaro.<br \/>Negli ultimi 8 anni ho<br \/>con molte bellissime foto di amici e di amici.<br \/>ma anche brevi<br \/>Notti.<br \/>Relazioni con gli ospiti<br \/>Responsabile: delle richieste di prenotazione<br \/>sui servizi per gli ospiti e<br \/>Organizzazione del team di accoglienza<br \/>al coordinamento tra<br \/>i vari dipartimenti del<br \/>Casa.<\/p>\n\t\t\t\t\t\t\t\t<\/div>\n\t\t\t\t<\/div>\n\t\t\t\t\t<\/div>\n\t\t<\/div>\n\t\t\t\t<div class=\"elementor-column elementor-col-50 elementor-top-column elementor-element elementor-element-4bf775e\" data-id=\"4bf775e\" data-element_type=\"column\" data-e-type=\"column\">\n\t\t\t<div class=\"elementor-widget-wrap elementor-element-populated\">\n\t\t\t\t\t\t<div class=\"elementor-element elementor-element-2d88233 elementor-widget elementor-widget-text-editor\" data-id=\"2d88233\" data-element_type=\"widget\" data-e-type=\"widget\" data-widget_type=\"text-editor.default\">\n\t\t\t\t<div class=\"elementor-widget-container\">\n\t\t\t\t\t\t\t\t\t<p>Dopo questo lungo e soprattutto<br \/>tempo, e a causa di<br \/>un incontro interessante, l&#8217;Ansitz Schneckart mi ha trovato nell&#8217;autunno del 2021 e ho deciso che era giunto il momento di scrivere la mia piccola storia&#8230;<\/p>\n<p>Quindi d&#8217;ora in poi potr\u00f2 occuparmi del tuo<br \/>preoccupazioni e desideri:<br \/>prima, durante e dopo il vostro<br \/>Soggiorno. Insieme al team, organizzeremo la vostra magica colazione<br \/>preparare, riempire la cantina<br \/>e mostrarvi la nostra pi\u00f9 bella<br \/>Rivelare i luoghi preferiti. Al<br \/>Escursioni a piedi, in bici, per ricaricare le batterie<br \/>o semplicemente per l&#8217;anima<br \/>penzolare. Suggerimenti per i ristoranti<br \/>e una o due cantine<br \/>sono ovviamente sempre inclusi.<\/p>\n<p>Non vediamo l&#8217;ora di partecipare al<br \/>Per rendervi un luogo magico insieme!<\/p>\n\t\t\t\t\t\t\t\t<\/div>\n\t\t\t\t<\/div>\n\t\t\t\t\t<\/div>\n\t\t<\/div>\n\t\t\t\t\t<\/div>\n\t\t<\/section>\n\t\t\t\t<section class=\"elementor-section elementor-top-section elementor-element elementor-element-387217a elementor-hidden-desktop elementor-hidden-laptop elementor-hidden-tablet elementor-hidden-mobile elementor-section-boxed elementor-section-height-default elementor-section-height-default\" data-id=\"387217a\" data-element_type=\"section\" data-e-type=\"section\">\n\t\t\t\t\t\t<div class=\"elementor-container elementor-column-gap-default\">\n\t\t\t\t\t<div class=\"elementor-column elementor-col-100 elementor-top-column elementor-element elementor-element-1e901c1\" data-id=\"1e901c1\" data-element_type=\"column\" data-e-type=\"column\">\n\t\t\t<div class=\"elementor-widget-wrap elementor-element-populated\">\n\t\t\t\t\t\t<div class=\"elementor-element elementor-element-0197564 elementor-widget elementor-widget-text-editor\" data-id=\"0197564\" data-element_type=\"widget\" data-e-type=\"widget\" data-widget_type=\"text-editor.default\">\n\t\t\t\t<div class=\"elementor-widget-container\">\n\t\t\t\t\t\t\t\t\t<p>&#8220;Ci auguriamo che l&#8217;Ansitz Schneckart diventi una casa piena di ricordi di esperienze e momenti di cui i nostri ospiti parleranno a lungo&#8221;.<\/p>\n\t\t\t\t\t\t\t\t<\/div>\n\t\t\t\t<\/div>\n\t\t\t\t\t<\/div>\n\t\t<\/div>\n\t\t\t\t\t<\/div>\n\t\t<\/section>\n\t\t\t\t<section class=\"elementor-section elementor-top-section elementor-element elementor-element-a44d614 elementor-section-boxed elementor-section-height-default elementor-section-height-default\" data-id=\"a44d614\" data-element_type=\"section\" data-e-type=\"section\" data-settings=\"{&quot;background_background&quot;:&quot;classic&quot;}\">\n\t\t\t\t\t\t<div class=\"elementor-container elementor-column-gap-default\">\n\t\t\t\t\t<div class=\"elementor-column elementor-col-100 elementor-top-column elementor-element elementor-element-8be0cce\" data-id=\"8be0cce\" data-element_type=\"column\" data-e-type=\"column\">\n\t\t\t<div class=\"elementor-widget-wrap elementor-element-populated\">\n\t\t\t\t\t\t<div class=\"elementor-element elementor-element-66d0341 elementor-widget elementor-widget-image\" data-id=\"66d0341\" data-element_type=\"widget\" data-e-type=\"widget\" data-widget_type=\"image.default\">\n\t\t\t\t<div class=\"elementor-widget-container\">\n\t\t\t\t\t\t\t\t\t\t\t\t\t\t\t<img decoding=\"async\" src=\"https:\/\/ansitzschneckart.com\/wp-content\/uploads\/2022\/07\/A.-Romani-Umbau-Eingang-1.jpg\" title=\"\" alt=\"\" loading=\"lazy\" \/>\t\t\t\t\t\t\t\t\t\t\t\t\t\t\t<\/div>\n\t\t\t\t<\/div>\n\t\t\t\t<div class=\"elementor-element elementor-element-6ebef44 elementor-widget elementor-widget-heading\" data-id=\"6ebef44\" data-element_type=\"widget\" data-e-type=\"widget\" data-widget_type=\"heading.default\">\n\t\t\t\t<div class=\"elementor-widget-container\">\n\t\t\t\t\t<h2 class=\"elementor-heading-title elementor-size-default\">Siamo noi i pazzi che hanno avuto il coraggio<\/h2>\t\t\t\t<\/div>\n\t\t\t\t<\/div>\n\t\t\t\t<div class=\"elementor-element elementor-element-23ce961 elementor-widget elementor-widget-text-editor\" data-id=\"23ce961\" data-element_type=\"widget\" data-e-type=\"widget\" data-widget_type=\"text-editor.default\">\n\t\t\t\t<div class=\"elementor-widget-container\">\n\t\t\t\t\t\t\t\t\t<div class=\"col sqs-col-6 span-6\">\n<div id=\"block-d53cb63893c307976271\" class=\"sqs-block html-block sqs-block-html\" data-block-type=\"2\">\n<div class=\"sqs-block-content\">\n<div id=\"block-yui_3_17_2_1_1620038407438_4233\" class=\"sqs-block code-block sqs-block-code\" data-block-type=\"23\">\n<div class=\"sqs-block-content\">\n<div id=\"block-d38121860373a524a367\" class=\"sqs-block html-block sqs-block-html\" data-block-type=\"2\">\n<div class=\"sqs-block-content\">\n<div id=\"block-388e5b9d716aae08fc6d\" class=\"sqs-block html-block sqs-block-html\" data-block-type=\"2\">\n<div class=\"sqs-block-content\">\n<h3>&#8220;Tutti meritano lo stesso rispetto, indipendentemente dal cappello che indossano. Il benessere dei nostri dipendenti \u00e8 per noi importante quanto quello degli ospiti, dei fornitori e della comunit\u00e0&#8221;.<\/h3>\n<\/div>\n<\/div>\n<\/div>\n<\/div>\n<\/div>\n<\/div>\n<\/div>\n<\/div>\n<\/div>\n\t\t\t\t\t\t\t\t<\/div>\n\t\t\t\t<\/div>\n\t\t\t\t\t<\/div>\n\t\t<\/div>\n\t\t\t\t\t<\/div>\n\t\t<\/section>\n\t\t\t\t<section class=\"elementor-section elementor-top-section elementor-element elementor-element-b0ba4d2 elementor-section-boxed elementor-section-height-default elementor-section-height-default\" data-id=\"b0ba4d2\" data-element_type=\"section\" data-e-type=\"section\">\n\t\t\t\t\t\t<div class=\"elementor-container elementor-column-gap-default\">\n\t\t\t\t\t<div class=\"elementor-column elementor-col-100 elementor-top-column elementor-element elementor-element-2644d13\" data-id=\"2644d13\" data-element_type=\"column\" data-e-type=\"column\">\n\t\t\t<div class=\"elementor-widget-wrap elementor-element-populated\">\n\t\t\t\t\t\t<div class=\"elementor-element elementor-element-6a4f9c4 elementor-widget elementor-widget-text-editor\" data-id=\"6a4f9c4\" data-element_type=\"widget\" data-e-type=\"widget\" data-widget_type=\"text-editor.default\">\n\t\t\t\t<div class=\"elementor-widget-container\">\n\t\t\t\t\t\t\t\t\t<p>Timo e Werner si conoscono da oltre 30 anni e hanno vissuto la vita con tutti i suoi meravigliosi alti e bassi. E anche se non ci siamo incontrati per un po&#8217;, ogni incontro \u00e8 stato come un abbraccio familiare.<\/p>\n\t\t\t\t\t\t\t\t<\/div>\n\t\t\t\t<\/div>\n\t\t\t\t\t<\/div>\n\t\t<\/div>\n\t\t\t\t\t<\/div>\n\t\t<\/section>\n\t\t\t\t<section class=\"elementor-section elementor-top-section elementor-element elementor-element-af9a1ca elementor-section-boxed elementor-section-height-default elementor-section-height-default\" data-id=\"af9a1ca\" data-element_type=\"section\" data-e-type=\"section\">\n\t\t\t\t\t\t<div class=\"elementor-container elementor-column-gap-default\">\n\t\t\t\t\t<div class=\"elementor-column elementor-col-50 elementor-top-column elementor-element elementor-element-66ba61b\" data-id=\"66ba61b\" data-element_type=\"column\" data-e-type=\"column\">\n\t\t\t<div class=\"elementor-widget-wrap elementor-element-populated\">\n\t\t\t\t\t\t<div class=\"elementor-element elementor-element-af885ac elementor-widget elementor-widget-text-editor\" data-id=\"af885ac\" data-element_type=\"widget\" data-e-type=\"widget\" data-widget_type=\"text-editor.default\">\n\t\t\t\t<div class=\"elementor-widget-container\">\n\t\t\t\t\t\t\t\t\t<p>Entrambi condividiamo l&#8217;amore per la vita in tutte le sue sfaccettature e siamo riusciti a liberarci delle nostre paure in molti ambiti. \u00c8 cos\u00ec che l&#8217;idea del nascondiglio comune di Schneckart \u00e8 nata per caso durante un&#8217;ottima cena. Alla fine della serata, era chiaro che l&#8217;avremmo fatto. Abbiamo risposto con un cordiale &#8220;\u00c8 proprio per questo che lo facciamo&#8221; alle persone benintenzionate che ci hanno messo in guardia da tutti i rischi di una propriet\u00e0 cos\u00ec fatiscente e vuota da un decennio e dalla nostra mancanza di esperienza nel settore &#8220;alberghiero&#8221;.<\/p>\n\t\t\t\t\t\t\t\t<\/div>\n\t\t\t\t<\/div>\n\t\t\t\t\t<\/div>\n\t\t<\/div>\n\t\t\t\t<div class=\"elementor-column elementor-col-50 elementor-top-column elementor-element elementor-element-901a4cb\" data-id=\"901a4cb\" data-element_type=\"column\" data-e-type=\"column\">\n\t\t\t<div class=\"elementor-widget-wrap elementor-element-populated\">\n\t\t\t\t\t\t<div class=\"elementor-element elementor-element-6c9db4a elementor-widget elementor-widget-text-editor\" data-id=\"6c9db4a\" data-element_type=\"widget\" data-e-type=\"widget\" data-widget_type=\"text-editor.default\">\n\t\t\t\t<div class=\"elementor-widget-container\">\n\t\t\t\t\t\t\t\t\tEntrambi siamo guidati da tre cose:\n\n&nbsp;\n<ol>\n \t<li>Le nostre famiglie, per le quali ci impegniamo e che sono il punto di riferimento per tutte le nostre azioni. Si tratta quindi di una casa di amici per la famiglia e gli amici.<\/li>\n \t<li style=\"list-style-type: none\">\n \t<li>La nostra idea di ospitalit\u00e0, senza pretese, ma tanto pi\u00f9 calda e generosa. Ecco perch\u00e9 da Ansitz Schneckart potete fare (quasi) tutto.<\/li>\n \t<li>Il nostro piacere per i sentieri diversi, non convenzionali, non battuti. Pertanto, non si tratta di un hotel.<\/li>\n<\/ol>\t\t\t\t\t\t\t\t<\/div>\n\t\t\t\t<\/div>\n\t\t\t\t\t<\/div>\n\t\t<\/div>\n\t\t\t\t\t<\/div>\n\t\t<\/section>\n\t\t\t\t<section class=\"elementor-section elementor-top-section elementor-element elementor-element-3c35266 elementor-section-boxed elementor-section-height-default elementor-section-height-default\" data-id=\"3c35266\" data-element_type=\"section\" data-e-type=\"section\">\n\t\t\t\t\t\t<div class=\"elementor-container elementor-column-gap-default\">\n\t\t\t\t\t<div class=\"elementor-column elementor-col-100 elementor-top-column elementor-element elementor-element-865179a\" data-id=\"865179a\" data-element_type=\"column\" data-e-type=\"column\">\n\t\t\t<div class=\"elementor-widget-wrap elementor-element-populated\">\n\t\t\t\t\t\t<div class=\"elementor-element elementor-element-4110625 elementor-widget elementor-widget-heading\" data-id=\"4110625\" data-element_type=\"widget\" data-e-type=\"widget\" data-widget_type=\"heading.default\">\n\t\t\t\t<div class=\"elementor-widget-container\">\n\t\t\t\t\t<h3 class=\"elementor-heading-title elementor-size-default\">Benvenuti.<\/h3>\t\t\t\t<\/div>\n\t\t\t\t<\/div>\n\t\t\t\t\t<\/div>\n\t\t<\/div>\n\t\t\t\t\t<\/div>\n\t\t<\/section>\n\t\t\t\t<\/div>\n\t\t","protected":false},"excerpt":{"rendered":"<p>La buon&#8217;anima di Ansitz Schneckart Nel corso degli anni, il settore alberghiero mi ha conquistato: le sfide sempre nuove e il lavoro di squadra sono incredibilmente divertenti. Inoltre, c&#8217;\u00e8 l&#8217;opportunit\u00e0 di conoscere persone magiche e le loro storie emozionanti da tutto il mondo.Negli ultimi anni ho avuto modo di fare esperienza in alcuni grandi alberghi, [&hellip;]<\/p>\n","protected":false},"author":15,"featured_media":0,"parent":0,"menu_order":0,"comment_status":"closed","ping_status":"closed","template":"","meta":{"footnotes":""},"class_list":["post-8879","page","type-page","status-publish","hentry"],"yoast_head":"<!-- This site is optimized with the Yoast SEO plugin v27.2 - https:\/\/yoast.com\/product\/yoast-seo-wordpress\/ -->\n<title>Ansitz Schneckart - Chi siamo<\/title>\n<meta name=\"description\" content=\"Il benessere dei nostri dipendenti \u00e8 importante per noi quanto quello dei nostri ospiti, dei fornitori e della comunit\u00e0.\" \/>\n<meta name=\"robots\" content=\"index, follow, max-snippet:-1, max-image-preview:large, max-video-preview:-1\" \/>\n<link rel=\"canonical\" href=\"https:\/\/ansitzschneckart.com\/ueber-uns\/\" \/>\n<meta property=\"og:locale\" content=\"it_IT\" \/>\n<meta property=\"og:type\" content=\"article\" \/>\n<meta property=\"og:title\" content=\"Ansitz Schneckart - Chi siamo\" \/>\n<meta property=\"og:description\" content=\"Il benessere dei nostri dipendenti \u00e8 importante per noi quanto quello dei nostri ospiti, dei fornitori e della comunit\u00e0.\" \/>\n<meta property=\"og:url\" content=\"https:\/\/ansitzschneckart.com\/ueber-uns\/\" \/>\n<meta property=\"og:site_name\" content=\"Ansitz Schneckart\" \/>\n<meta property=\"article:modified_time\" content=\"2024-07-24T12:05:55+00:00\" \/>\n<meta property=\"og:image\" content=\"https:\/\/ansitzschneckart.webfromtom.com\/wp-content\/uploads\/2022\/07\/A.-Romani-Umbau-Eingang-1.jpg\" \/>\n<meta name=\"twitter:card\" content=\"summary_large_image\" \/>\n<meta name=\"twitter:label1\" content=\"Tempo di lettura stimato\" \/>\n\t<meta name=\"twitter:data1\" content=\"3 minuti\" \/>\n<script type=\"application\/ld+json\" class=\"yoast-schema-graph\">{\"@context\":\"https:\/\/schema.org\",\"@graph\":[{\"@type\":\"WebPage\",\"@id\":\"https:\/\/ansitzschneckart.com\/ueber-uns\/\",\"url\":\"https:\/\/ansitzschneckart.com\/ueber-uns\/\",\"name\":\"Ansitz Schneckart - Chi siamo\",\"isPartOf\":{\"@id\":\"https:\/\/ansitzschneckart.com\/#website\"},\"primaryImageOfPage\":{\"@id\":\"https:\/\/ansitzschneckart.com\/ueber-uns\/#primaryimage\"},\"image\":{\"@id\":\"https:\/\/ansitzschneckart.com\/ueber-uns\/#primaryimage\"},\"thumbnailUrl\":\"https:\/\/ansitzschneckart.webfromtom.com\/wp-content\/uploads\/2022\/07\/A.-Romani-Umbau-Eingang-1.jpg\",\"datePublished\":\"2022-05-22T09:28:40+00:00\",\"dateModified\":\"2024-07-24T12:05:55+00:00\",\"description\":\"Il benessere dei nostri dipendenti \u00e8 importante per noi quanto quello dei nostri ospiti, dei fornitori e della comunit\u00e0.\",\"breadcrumb\":{\"@id\":\"https:\/\/ansitzschneckart.com\/ueber-uns\/#breadcrumb\"},\"inLanguage\":\"it-IT\",\"potentialAction\":[{\"@type\":\"ReadAction\",\"target\":[\"https:\/\/ansitzschneckart.com\/ueber-uns\/\"]}]},{\"@type\":\"ImageObject\",\"inLanguage\":\"it-IT\",\"@id\":\"https:\/\/ansitzschneckart.com\/ueber-uns\/#primaryimage\",\"url\":\"https:\/\/ansitzschneckart.webfromtom.com\/wp-content\/uploads\/2022\/07\/A.-Romani-Umbau-Eingang-1.jpg\",\"contentUrl\":\"https:\/\/ansitzschneckart.webfromtom.com\/wp-content\/uploads\/2022\/07\/A.-Romani-Umbau-Eingang-1.jpg\"},{\"@type\":\"BreadcrumbList\",\"@id\":\"https:\/\/ansitzschneckart.com\/ueber-uns\/#breadcrumb\",\"itemListElement\":[{\"@type\":\"ListItem\",\"position\":1,\"name\":\"Home\",\"item\":\"https:\/\/ansitzschneckart.com\/\"},{\"@type\":\"ListItem\",\"position\":2,\"name\":\"Chi siamo\"}]},{\"@type\":\"WebSite\",\"@id\":\"https:\/\/ansitzschneckart.com\/#website\",\"url\":\"https:\/\/ansitzschneckart.com\/\",\"name\":\"Ansitz Schneckart\",\"description\":\"Ein Haus von Freunden f\u00fcr Freunde\",\"publisher\":{\"@id\":\"https:\/\/ansitzschneckart.com\/#organization\"},\"potentialAction\":[{\"@type\":\"SearchAction\",\"target\":{\"@type\":\"EntryPoint\",\"urlTemplate\":\"https:\/\/ansitzschneckart.com\/?s={search_term_string}\"},\"query-input\":{\"@type\":\"PropertyValueSpecification\",\"valueRequired\":true,\"valueName\":\"search_term_string\"}}],\"inLanguage\":\"it-IT\"},{\"@type\":\"Organization\",\"@id\":\"https:\/\/ansitzschneckart.com\/#organization\",\"name\":\"Ansitz Schneckart\",\"url\":\"https:\/\/ansitzschneckart.com\/\",\"logo\":{\"@type\":\"ImageObject\",\"inLanguage\":\"it-IT\",\"@id\":\"https:\/\/ansitzschneckart.com\/#\/schema\/logo\/image\/\",\"url\":\"https:\/\/ansitzschneckart.com\/wp-content\/uploads\/2024\/08\/logo.jpg\",\"contentUrl\":\"https:\/\/ansitzschneckart.com\/wp-content\/uploads\/2024\/08\/logo.jpg\",\"width\":1500,\"height\":213,\"caption\":\"Ansitz Schneckart\"},\"image\":{\"@id\":\"https:\/\/ansitzschneckart.com\/#\/schema\/logo\/image\/\"}}]}<\/script>\n<!-- \/ Yoast SEO plugin. -->","yoast_head_json":{"title":"Ansitz Schneckart - Chi siamo","description":"Il benessere dei nostri dipendenti \u00e8 importante per noi quanto quello dei nostri ospiti, dei fornitori e della comunit\u00e0.","robots":{"index":"index","follow":"follow","max-snippet":"max-snippet:-1","max-image-preview":"max-image-preview:large","max-video-preview":"max-video-preview:-1"},"canonical":"https:\/\/ansitzschneckart.com\/ueber-uns\/","og_locale":"it_IT","og_type":"article","og_title":"Ansitz Schneckart - Chi siamo","og_description":"Il benessere dei nostri dipendenti \u00e8 importante per noi quanto quello dei nostri ospiti, dei fornitori e della comunit\u00e0.","og_url":"https:\/\/ansitzschneckart.com\/ueber-uns\/","og_site_name":"Ansitz Schneckart","article_modified_time":"2024-07-24T12:05:55+00:00","og_image":[{"url":"https:\/\/ansitzschneckart.webfromtom.com\/wp-content\/uploads\/2022\/07\/A.-Romani-Umbau-Eingang-1.jpg","type":"","width":"","height":""}],"twitter_card":"summary_large_image","twitter_misc":{"Tempo di lettura stimato":"3 minuti"},"schema":{"@context":"https:\/\/schema.org","@graph":[{"@type":"WebPage","@id":"https:\/\/ansitzschneckart.com\/ueber-uns\/","url":"https:\/\/ansitzschneckart.com\/ueber-uns\/","name":"Ansitz Schneckart - Chi siamo","isPartOf":{"@id":"https:\/\/ansitzschneckart.com\/#website"},"primaryImageOfPage":{"@id":"https:\/\/ansitzschneckart.com\/ueber-uns\/#primaryimage"},"image":{"@id":"https:\/\/ansitzschneckart.com\/ueber-uns\/#primaryimage"},"thumbnailUrl":"https:\/\/ansitzschneckart.webfromtom.com\/wp-content\/uploads\/2022\/07\/A.-Romani-Umbau-Eingang-1.jpg","datePublished":"2022-05-22T09:28:40+00:00","dateModified":"2024-07-24T12:05:55+00:00","description":"Il benessere dei nostri dipendenti \u00e8 importante per noi quanto quello dei nostri ospiti, dei fornitori e della comunit\u00e0.","breadcrumb":{"@id":"https:\/\/ansitzschneckart.com\/ueber-uns\/#breadcrumb"},"inLanguage":"it-IT","potentialAction":[{"@type":"ReadAction","target":["https:\/\/ansitzschneckart.com\/ueber-uns\/"]}]},{"@type":"ImageObject","inLanguage":"it-IT","@id":"https:\/\/ansitzschneckart.com\/ueber-uns\/#primaryimage","url":"https:\/\/ansitzschneckart.webfromtom.com\/wp-content\/uploads\/2022\/07\/A.-Romani-Umbau-Eingang-1.jpg","contentUrl":"https:\/\/ansitzschneckart.webfromtom.com\/wp-content\/uploads\/2022\/07\/A.-Romani-Umbau-Eingang-1.jpg"},{"@type":"BreadcrumbList","@id":"https:\/\/ansitzschneckart.com\/ueber-uns\/#breadcrumb","itemListElement":[{"@type":"ListItem","position":1,"name":"Home","item":"https:\/\/ansitzschneckart.com\/"},{"@type":"ListItem","position":2,"name":"Chi siamo"}]},{"@type":"WebSite","@id":"https:\/\/ansitzschneckart.com\/#website","url":"https:\/\/ansitzschneckart.com\/","name":"Ansitz Schneckart","description":"Ein Haus von Freunden f\u00fcr Freunde","publisher":{"@id":"https:\/\/ansitzschneckart.com\/#organization"},"potentialAction":[{"@type":"SearchAction","target":{"@type":"EntryPoint","urlTemplate":"https:\/\/ansitzschneckart.com\/?s={search_term_string}"},"query-input":{"@type":"PropertyValueSpecification","valueRequired":true,"valueName":"search_term_string"}}],"inLanguage":"it-IT"},{"@type":"Organization","@id":"https:\/\/ansitzschneckart.com\/#organization","name":"Ansitz Schneckart","url":"https:\/\/ansitzschneckart.com\/","logo":{"@type":"ImageObject","inLanguage":"it-IT","@id":"https:\/\/ansitzschneckart.com\/#\/schema\/logo\/image\/","url":"https:\/\/ansitzschneckart.com\/wp-content\/uploads\/2024\/08\/logo.jpg","contentUrl":"https:\/\/ansitzschneckart.com\/wp-content\/uploads\/2024\/08\/logo.jpg","width":1500,"height":213,"caption":"Ansitz Schneckart"},"image":{"@id":"https:\/\/ansitzschneckart.com\/#\/schema\/logo\/image\/"}}]}},"_links":{"self":[{"href":"https:\/\/ansitzschneckart.com\/it\/wp-json\/wp\/v2\/pages\/8879","targetHints":{"allow":["GET"]}}],"collection":[{"href":"https:\/\/ansitzschneckart.com\/it\/wp-json\/wp\/v2\/pages"}],"about":[{"href":"https:\/\/ansitzschneckart.com\/it\/wp-json\/wp\/v2\/types\/page"}],"author":[{"embeddable":true,"href":"https:\/\/ansitzschneckart.com\/it\/wp-json\/wp\/v2\/users\/15"}],"replies":[{"embeddable":true,"href":"https:\/\/ansitzschneckart.com\/it\/wp-json\/wp\/v2\/comments?post=8879"}],"version-history":[{"count":0,"href":"https:\/\/ansitzschneckart.com\/it\/wp-json\/wp\/v2\/pages\/8879\/revisions"}],"wp:attachment":[{"href":"https:\/\/ansitzschneckart.com\/it\/wp-json\/wp\/v2\/media?parent=8879"}],"curies":[{"name":"wp","href":"https:\/\/api.w.org\/{rel}","templated":true}]}}