{"id":8840,"date":"2021-01-29T15:09:27","date_gmt":"2021-01-29T15:09:27","guid":{"rendered":"https:\/\/ansitzschneckart.webfromtom.it\/impronta\/"},"modified":"2024-11-06T07:41:53","modified_gmt":"2024-11-06T07:41:53","slug":"impronta","status":"publish","type":"page","link":"https:\/\/ansitzschneckart.com\/it\/impronta\/","title":{"rendered":"Impronta"},"content":{"rendered":"\t\t<div data-elementor-type=\"wp-page\" data-elementor-id=\"8840\" class=\"elementor elementor-8840 elementor-29\" data-elementor-post-type=\"page\">\n\t\t\t\t\t\t<section class=\"elementor-section elementor-top-section elementor-element elementor-element-5c2bff6 elementor-section-boxed elementor-section-height-default elementor-section-height-default\" data-id=\"5c2bff6\" data-element_type=\"section\" data-e-type=\"section\">\n\t\t\t\t\t\t<div class=\"elementor-container elementor-column-gap-default\">\n\t\t\t\t\t<div class=\"elementor-column elementor-col-100 elementor-top-column elementor-element elementor-element-6b0a370\" data-id=\"6b0a370\" data-element_type=\"column\" data-e-type=\"column\">\n\t\t\t<div class=\"elementor-widget-wrap elementor-element-populated\">\n\t\t\t\t\t\t<div class=\"elementor-element elementor-element-626c9ea elementor-widget elementor-widget-heading\" data-id=\"626c9ea\" data-element_type=\"widget\" data-e-type=\"widget\" data-widget_type=\"heading.default\">\n\t\t\t\t<div class=\"elementor-widget-container\">\n\t\t\t\t\t<h1 class=\"elementor-heading-title elementor-size-default\">Impronta<\/h1>\t\t\t\t<\/div>\n\t\t\t\t<\/div>\n\t\t\t\t\t<\/div>\n\t\t<\/div>\n\t\t\t\t\t<\/div>\n\t\t<\/section>\n\t\t\t\t<section class=\"elementor-section elementor-top-section elementor-element elementor-element-3e6a3f4 elementor-section-boxed elementor-section-height-default elementor-section-height-default\" data-id=\"3e6a3f4\" data-element_type=\"section\" data-e-type=\"section\">\n\t\t\t\t\t\t<div class=\"elementor-container elementor-column-gap-default\">\n\t\t\t\t\t<div class=\"elementor-column elementor-col-50 elementor-top-column elementor-element elementor-element-083ef65\" data-id=\"083ef65\" data-element_type=\"column\" data-e-type=\"column\">\n\t\t\t<div class=\"elementor-widget-wrap elementor-element-populated\">\n\t\t\t\t\t\t<div class=\"elementor-element elementor-element-f6a2cc7 elementor-widget elementor-widget-heading\" data-id=\"f6a2cc7\" data-element_type=\"widget\" data-e-type=\"widget\" data-widget_type=\"heading.default\">\n\t\t\t\t<div class=\"elementor-widget-container\">\n\t\t\t\t\t<h4 class=\"elementor-heading-title elementor-size-default\">Proprietario delle informazioni<\/h4>\t\t\t\t<\/div>\n\t\t\t\t<\/div>\n\t\t\t\t\t<\/div>\n\t\t<\/div>\n\t\t\t\t<div class=\"elementor-column elementor-col-50 elementor-top-column elementor-element elementor-element-5150686\" data-id=\"5150686\" data-element_type=\"column\" data-e-type=\"column\">\n\t\t\t<div class=\"elementor-widget-wrap elementor-element-populated\">\n\t\t\t\t\t\t<div class=\"elementor-element elementor-element-27db44b elementor-widget elementor-widget-text-editor\" data-id=\"27db44b\" data-element_type=\"widget\" data-e-type=\"widget\" data-widget_type=\"text-editor.default\">\n\t\t\t\t<div class=\"elementor-widget-container\">\n\t\t\t\t\t\t\t\t\t<p>La Ansitz GmbH<\/p>\n<p>Andreas Hofer Stra\u00dfe 21, 39040 Tramin<br>\n<a href=\"tel:3904711552000\" target=\"_blank\" rel=\"noopener\">Tel. +39 0471 155 2000<\/a><br>\n<a href=\"mailto:freunde@ansitzschneckart.com\" target=\"_blank\" rel=\"noopener\">freunde@ansitzschneckart.com<\/a><br>\n<a href=\"http:\/\/www.ansitzschneckart.com\" target=\"_blank\" rel=\"noopener\">www.ansitzschneckart.com<\/a><br>\nPartita IVA N. \/ codice fiscale 03061430215<br>\nCodice univoco M5UXCR1<br>\nCodice CIN: IT021098A1CB2WDJS9&nbsp;<\/p>\t\t\t\t\t\t\t\t<\/div>\n\t\t\t\t<\/div>\n\t\t\t\t\t<\/div>\n\t\t<\/div>\n\t\t\t\t\t<\/div>\n\t\t<\/section>\n\t\t\t\t<section class=\"elementor-section elementor-top-section elementor-element elementor-element-8ebb051 elementor-section-boxed elementor-section-height-default elementor-section-height-default\" data-id=\"8ebb051\" data-element_type=\"section\" data-e-type=\"section\">\n\t\t\t\t\t\t<div class=\"elementor-container elementor-column-gap-default\">\n\t\t\t\t\t<div class=\"elementor-column elementor-col-50 elementor-top-column elementor-element elementor-element-29b0885\" data-id=\"29b0885\" data-element_type=\"column\" data-e-type=\"column\">\n\t\t\t<div class=\"elementor-widget-wrap elementor-element-populated\">\n\t\t\t\t\t\t<div class=\"elementor-element elementor-element-25f5c70 elementor-widget elementor-widget-heading\" data-id=\"25f5c70\" data-element_type=\"widget\" data-e-type=\"widget\" data-widget_type=\"heading.default\">\n\t\t\t\t<div class=\"elementor-widget-container\">\n\t\t\t\t\t<h4 class=\"elementor-heading-title elementor-size-default\">Design<\/h4>\t\t\t\t<\/div>\n\t\t\t\t<\/div>\n\t\t\t\t\t<\/div>\n\t\t<\/div>\n\t\t\t\t<div class=\"elementor-column elementor-col-50 elementor-top-column elementor-element elementor-element-7686e0f\" data-id=\"7686e0f\" data-element_type=\"column\" data-e-type=\"column\">\n\t\t\t<div class=\"elementor-widget-wrap elementor-element-populated\">\n\t\t\t\t\t\t<div class=\"elementor-element elementor-element-dccbb71 elementor-widget elementor-widget-text-editor\" data-id=\"dccbb71\" data-element_type=\"widget\" data-e-type=\"widget\" data-widget_type=\"text-editor.default\">\n\t\t\t\t<div class=\"elementor-widget-container\">\n\t\t\t\t\t\t\t\t\t<p>Webfromtom<br \/>Thomas Maier<br \/><a href=\"mailto:info@webfromtom.com\" target=\"_blank\" rel=\"noopener\">info@webfromtom.com<\/a><\/p>\n\t\t\t\t\t\t\t\t<\/div>\n\t\t\t\t<\/div>\n\t\t\t\t\t<\/div>\n\t\t<\/div>\n\t\t\t\t\t<\/div>\n\t\t<\/section>\n\t\t\t\t<section class=\"elementor-section elementor-top-section elementor-element elementor-element-40bd9a6 elementor-section-boxed elementor-section-height-default elementor-section-height-default\" data-id=\"40bd9a6\" data-element_type=\"section\" data-e-type=\"section\">\n\t\t\t\t\t\t<div class=\"elementor-container elementor-column-gap-default\">\n\t\t\t\t\t<div class=\"elementor-column elementor-col-50 elementor-top-column elementor-element elementor-element-bab6c0a\" data-id=\"bab6c0a\" data-element_type=\"column\" data-e-type=\"column\">\n\t\t\t<div class=\"elementor-widget-wrap elementor-element-populated\">\n\t\t\t\t\t\t<div class=\"elementor-element elementor-element-20c7bfb elementor-widget elementor-widget-heading\" data-id=\"20c7bfb\" data-element_type=\"widget\" data-e-type=\"widget\" data-widget_type=\"heading.default\">\n\t\t\t\t<div class=\"elementor-widget-container\">\n\t\t\t\t\t<h4 class=\"elementor-heading-title elementor-size-default\">Testi<\/h4>\t\t\t\t<\/div>\n\t\t\t\t<\/div>\n\t\t\t\t\t<\/div>\n\t\t<\/div>\n\t\t\t\t<div class=\"elementor-column elementor-col-50 elementor-top-column elementor-element elementor-element-3f3b614\" data-id=\"3f3b614\" data-element_type=\"column\" data-e-type=\"column\">\n\t\t\t<div class=\"elementor-widget-wrap elementor-element-populated\">\n\t\t\t\t\t\t<div class=\"elementor-element elementor-element-c35b75b elementor-widget elementor-widget-text-editor\" data-id=\"c35b75b\" data-element_type=\"widget\" data-e-type=\"widget\" data-widget_type=\"text-editor.default\">\n\t\t\t\t<div class=\"elementor-widget-container\">\n\t\t\t\t\t\t\t\t\t<p>Timo Schneckenburger<\/p>\n\t\t\t\t\t\t\t\t<\/div>\n\t\t\t\t<\/div>\n\t\t\t\t\t<\/div>\n\t\t<\/div>\n\t\t\t\t\t<\/div>\n\t\t<\/section>\n\t\t\t\t<section class=\"elementor-section elementor-top-section elementor-element elementor-element-bb7c765 elementor-section-boxed elementor-section-height-default elementor-section-height-default\" data-id=\"bb7c765\" data-element_type=\"section\" data-e-type=\"section\">\n\t\t\t\t\t\t<div class=\"elementor-container elementor-column-gap-default\">\n\t\t\t\t\t<div class=\"elementor-column elementor-col-50 elementor-top-column elementor-element elementor-element-696db70\" data-id=\"696db70\" data-element_type=\"column\" data-e-type=\"column\">\n\t\t\t<div class=\"elementor-widget-wrap elementor-element-populated\">\n\t\t\t\t\t\t<div class=\"elementor-element elementor-element-16fdf18 elementor-widget elementor-widget-heading\" data-id=\"16fdf18\" data-element_type=\"widget\" data-e-type=\"widget\" data-widget_type=\"heading.default\">\n\t\t\t\t<div class=\"elementor-widget-container\">\n\t\t\t\t\t<h4 class=\"elementor-heading-title elementor-size-default\">Foto<\/h4>\t\t\t\t<\/div>\n\t\t\t\t<\/div>\n\t\t\t\t\t<\/div>\n\t\t<\/div>\n\t\t\t\t<div class=\"elementor-column elementor-col-50 elementor-top-column elementor-element elementor-element-e195f53\" data-id=\"e195f53\" data-element_type=\"column\" data-e-type=\"column\">\n\t\t\t<div class=\"elementor-widget-wrap elementor-element-populated\">\n\t\t\t\t\t\t<div class=\"elementor-element elementor-element-d17e9a4 elementor-widget elementor-widget-text-editor\" data-id=\"d17e9a4\" data-element_type=\"widget\" data-e-type=\"widget\" data-widget_type=\"text-editor.default\">\n\t\t\t\t<div class=\"elementor-widget-container\">\n\t\t\t\t\t\t\t\t\t<p>Paul Dibiasi, <a href=\"http:\/\/www.foto-dibi.bz.it\" target=\"_blank\" rel=\"noopener\">www.foto-dibi.bz.it<\/a><\/p>\n\t\t\t\t\t\t\t\t<\/div>\n\t\t\t\t<\/div>\n\t\t\t\t\t<\/div>\n\t\t<\/div>\n\t\t\t\t\t<\/div>\n\t\t<\/section>\n\t\t\t\t<section class=\"elementor-section elementor-top-section elementor-element elementor-element-ffd7433 elementor-section-boxed elementor-section-height-default elementor-section-height-default\" data-id=\"ffd7433\" data-element_type=\"section\" data-e-type=\"section\">\n\t\t\t\t\t\t<div class=\"elementor-container elementor-column-gap-default\">\n\t\t\t\t\t<div class=\"elementor-column elementor-col-50 elementor-top-column elementor-element elementor-element-e1dbd55\" data-id=\"e1dbd55\" data-element_type=\"column\" data-e-type=\"column\">\n\t\t\t<div class=\"elementor-widget-wrap elementor-element-populated\">\n\t\t\t\t\t\t<div class=\"elementor-element elementor-element-201aac7 elementor-widget elementor-widget-heading\" data-id=\"201aac7\" data-element_type=\"widget\" data-e-type=\"widget\" data-widget_type=\"heading.default\">\n\t\t\t\t<div class=\"elementor-widget-container\">\n\t\t\t\t\t<h4 class=\"elementor-heading-title elementor-size-default\">Responsabilit\u00e0<\/h4>\t\t\t\t<\/div>\n\t\t\t\t<\/div>\n\t\t\t\t\t<\/div>\n\t\t<\/div>\n\t\t\t\t<div class=\"elementor-column elementor-col-50 elementor-top-column elementor-element elementor-element-3e773bf\" data-id=\"3e773bf\" data-element_type=\"column\" data-e-type=\"column\">\n\t\t\t<div class=\"elementor-widget-wrap elementor-element-populated\">\n\t\t\t\t\t\t<div class=\"elementor-element elementor-element-3502465 elementor-widget elementor-widget-text-editor\" data-id=\"3502465\" data-element_type=\"widget\" data-e-type=\"widget\" data-widget_type=\"text-editor.default\">\n\t\t\t\t<div class=\"elementor-widget-container\">\n\t\t\t\t\t\t\t\t\t<p>Tutti i contenuti sono controllati con attenzione. Tuttavia, nessun<br \/>garanzia per la completezza, l&#8217;accuratezza e la tempestivit\u00e0 delle informazioni<br \/>diventare.<\/p>\n\t\t\t\t\t\t\t\t<\/div>\n\t\t\t\t<\/div>\n\t\t\t\t\t<\/div>\n\t\t<\/div>\n\t\t\t\t\t<\/div>\n\t\t<\/section>\n\t\t\t\t<section class=\"elementor-section elementor-top-section elementor-element elementor-element-8e6d08f elementor-section-boxed elementor-section-height-default elementor-section-height-default\" data-id=\"8e6d08f\" data-element_type=\"section\" data-e-type=\"section\">\n\t\t\t\t\t\t<div class=\"elementor-container elementor-column-gap-default\">\n\t\t\t\t\t<div class=\"elementor-column elementor-col-50 elementor-top-column elementor-element elementor-element-97adc3b\" data-id=\"97adc3b\" data-element_type=\"column\" data-e-type=\"column\">\n\t\t\t<div class=\"elementor-widget-wrap elementor-element-populated\">\n\t\t\t\t\t\t<div class=\"elementor-element elementor-element-db42cc1 elementor-widget elementor-widget-heading\" data-id=\"db42cc1\" data-element_type=\"widget\" data-e-type=\"widget\" data-widget_type=\"heading.default\">\n\t\t\t\t<div class=\"elementor-widget-container\">\n\t\t\t\t\t<h4 class=\"elementor-heading-title elementor-size-default\">Google Analytics<\/h4>\t\t\t\t<\/div>\n\t\t\t\t<\/div>\n\t\t\t\t\t<\/div>\n\t\t<\/div>\n\t\t\t\t<div class=\"elementor-column elementor-col-50 elementor-top-column elementor-element elementor-element-35490ba\" data-id=\"35490ba\" data-element_type=\"column\" data-e-type=\"column\">\n\t\t\t<div class=\"elementor-widget-wrap elementor-element-populated\">\n\t\t\t\t\t\t<div class=\"elementor-element elementor-element-b84db6a elementor-widget elementor-widget-text-editor\" data-id=\"b84db6a\" data-element_type=\"widget\" data-e-type=\"widget\" data-widget_type=\"text-editor.default\">\n\t\t\t\t<div class=\"elementor-widget-container\">\n\t\t\t\t\t\t\t\t\t<p>Il nostro sito web utilizza Google Analytics, un servizio di analisi web di Google. Google Analytics utilizza i cosiddetti cookie (piccoli file di testo), che vengono memorizzati sul vostro computer e consentono di analizzare il vostro utilizzo del sito web. Le informazioni generate dal cookie sull&#8217;utilizzo di questo sito web da parte dell&#8217;utente (compreso il suo indirizzo IP) verranno trasmesse e memorizzate da Google su un server negli Stati Uniti. Google utilizzer\u00e0 queste informazioni per valutare l&#8217;utilizzo del sito web da parte dell&#8217;utente, per redigere rapporti sulle attivit\u00e0 del sito web per gli operatori del sito e per fornire altri servizi relativi alle attivit\u00e0 del sito web e all&#8217;utilizzo di Internet. Google pu\u00f2 anche trasferire queste informazioni a terzi, se ci\u00f2 \u00e8 richiesto dalla legge o se tali terzi elaborano le informazioni per conto di Google. Google non assocer\u00e0 il vostro indirizzo IP a nessun altro dato posseduto da Google. L&#8217;utente pu\u00f2 rifiutare l&#8217;uso dei cookie selezionando l&#8217;impostazione appropriata sul proprio browser, ma si prega di notare che in tal caso potrebbe non essere in grado di utilizzare tutte le funzionalit\u00e0 di questo sito web. Utilizzando il nostro sito web, acconsentite al trattamento dei vostri dati da parte di Google per le modalit\u00e0 e i fini sopraindicati.<\/p>\n\t\t\t\t\t\t\t\t<\/div>\n\t\t\t\t<\/div>\n\t\t\t\t\t<\/div>\n\t\t<\/div>\n\t\t\t\t\t<\/div>\n\t\t<\/section>\n\t\t\t\t<section class=\"elementor-section elementor-top-section elementor-element elementor-element-da73ce5 elementor-hidden-desktop elementor-hidden-tablet elementor-hidden-mobile elementor-section-boxed elementor-section-height-default elementor-section-height-default\" data-id=\"da73ce5\" data-element_type=\"section\" data-e-type=\"section\">\n\t\t\t\t\t\t<div class=\"elementor-container elementor-column-gap-default\">\n\t\t\t\t\t<div class=\"elementor-column elementor-col-100 elementor-top-column elementor-element elementor-element-01b1fb0\" data-id=\"01b1fb0\" data-element_type=\"column\" data-e-type=\"column\">\n\t\t\t<div class=\"elementor-widget-wrap elementor-element-populated\">\n\t\t\t\t\t\t<div class=\"elementor-element elementor-element-a2cb8ef elementor-widget elementor-widget-text-editor\" data-id=\"a2cb8ef\" data-element_type=\"widget\" data-e-type=\"widget\" data-widget_type=\"text-editor.default\">\n\t\t\t\t<div class=\"elementor-widget-container\">\n\t\t\t\t\t\t\t\t\t<h4>Proprietario e responsabile dei contenuti<\/h4>\n<p>La Ansitz GmbH<br>\nrappresentato da Timo Schneckenburger<br>\nAndreas-Hofer-Str. 21<br style=\"overflow-wrap: break-word;\">39040 Tramin a.d. Strada del Vino&nbsp;<br style=\"overflow-wrap: break-word;\">Italia<\/p>\n<p>Tel: <a href=\"tel:00390471155200\">+39 0471 1552000<\/a><\/p>\n<p>Mail:<a href=\"mailto:freunde@ansitzschneckart.com\"> freunde@ansitzschneckart.com<\/a><\/p>\n<p>Imposta n. IT03061430215<br>\nCodice univoco M5UXCR1<\/p>\n<h4><strong>\u00a9 Concetto &#8211; Design &#8211; Programmazione<\/strong><\/h4>\n<p>S. Giuseppe al lago 47\/F<br>\nI-39052 Caldaro<br>\nAlto Adige &#8211; Italia<br>\nPersona di contatto: Thomas Maier<br>\nTel.: <a href=\"tel:00393791007476\">+39 3791007476<\/a><br>\nE-mail: <a href=\"mailto:info@webfromtom.com\">info@webfromtom.com<\/a><br>\nSito web: in arrivo o mai pi\u00f9<\/p>\n<h6><\/h6>\n<h4>Risoluzione delle controversie online:<\/h4>\n<p>Informazioni obbligatorie ai sensi del Regolamento UE n. 524\/2013 del Parlamento Europeo e del Consiglio Piattaforma per la risoluzione delle controversie online (ODR) della Commissione Europea: <a href=\"http:\/\/ec.europa.eu\/consumers\/odr\/\">http:\/\/ec.europa.eu\/consumers\/odr\/<\/a><\/p>\n<h4>Crediti d&#8217;immagine<\/h4>\n<p><a href=\"https:\/\/www.shutterstock.com\/\">https:\/\/www.shutterstock.com\/<\/a><\/p>\n<p>Alle <a href=\"https:\/\/ansitzschneckart.com\/it\/informativa-sulla-privacy\/\">disposizioni sulla protezione dei dati<\/a><\/p>\t\t\t\t\t\t\t\t<\/div>\n\t\t\t\t<\/div>\n\t\t\t\t\t<\/div>\n\t\t<\/div>\n\t\t\t\t\t<\/div>\n\t\t<\/section>\n\t\t\t\t<\/div>\n\t\t","protected":false},"excerpt":{"rendered":"<p>Impronta Proprietario delle informazioni La Ansitz GmbH Andreas Hofer Stra\u00dfe 21, 39040 Tramin Tel. +39 0471 155 2000 freunde@ansitzschneckart.com www.ansitzschneckart.com Partita IVA N. \/ codice fiscale 03061430215 Codice univoco M5UXCR1 Codice CIN: IT021098A1CB2WDJS9&nbsp; Design WebfromtomThomas Maierinfo@webfromtom.com Testi Timo Schneckenburger Foto Paul Dibiasi, www.foto-dibi.bz.it Responsabilit\u00e0 Tutti i contenuti sono controllati con attenzione. Tuttavia, nessungaranzia per la [&hellip;]<\/p>\n","protected":false},"author":15,"featured_media":0,"parent":0,"menu_order":0,"comment_status":"closed","ping_status":"closed","template":"elementor_header_footer","meta":{"footnotes":""},"class_list":["post-8840","page","type-page","status-publish","hentry"],"yoast_head":"<!-- This site is optimized with the Yoast SEO plugin v27.2 - https:\/\/yoast.com\/product\/yoast-seo-wordpress\/ -->\n<title>Impronta - Ansitz Schneckart<\/title>\n<meta name=\"robots\" content=\"index, follow, max-snippet:-1, max-image-preview:large, max-video-preview:-1\" \/>\n<link rel=\"canonical\" href=\"https:\/\/ansitzschneckart.com\/impressum\/\" \/>\n<meta property=\"og:locale\" content=\"it_IT\" \/>\n<meta property=\"og:type\" content=\"article\" \/>\n<meta property=\"og:title\" content=\"Impronta - Ansitz Schneckart\" \/>\n<meta property=\"og:description\" content=\"Impronta Proprietario delle informazioni La Ansitz GmbH Andreas Hofer Stra\u00dfe 21, 39040 Tramin Tel. +39 0471 155 2000 freunde@ansitzschneckart.com www.ansitzschneckart.com Partita IVA N. \/ codice fiscale 03061430215 Codice univoco M5UXCR1 Codice CIN: IT021098A1CB2WDJS9&nbsp; Design WebfromtomThomas Maierinfo@webfromtom.com Testi Timo Schneckenburger Foto Paul Dibiasi, www.foto-dibi.bz.it Responsabilit\u00e0 Tutti i contenuti sono controllati con attenzione. Tuttavia, nessungaranzia per la [&hellip;]\" \/>\n<meta property=\"og:url\" content=\"https:\/\/ansitzschneckart.com\/impressum\/\" \/>\n<meta property=\"og:site_name\" content=\"Ansitz Schneckart\" \/>\n<meta property=\"article:modified_time\" content=\"2024-11-06T07:41:53+00:00\" \/>\n<meta name=\"twitter:card\" content=\"summary_large_image\" \/>\n<meta name=\"twitter:label1\" content=\"Tempo di lettura stimato\" \/>\n\t<meta name=\"twitter:data1\" content=\"2 minuti\" \/>\n<script type=\"application\/ld+json\" class=\"yoast-schema-graph\">{\"@context\":\"https:\/\/schema.org\",\"@graph\":[{\"@type\":\"WebPage\",\"@id\":\"https:\/\/ansitzschneckart.com\/impressum\/\",\"url\":\"https:\/\/ansitzschneckart.com\/impressum\/\",\"name\":\"Impronta - Ansitz Schneckart\",\"isPartOf\":{\"@id\":\"https:\/\/ansitzschneckart.com\/#website\"},\"datePublished\":\"2021-01-29T15:09:27+00:00\",\"dateModified\":\"2024-11-06T07:41:53+00:00\",\"breadcrumb\":{\"@id\":\"https:\/\/ansitzschneckart.com\/impressum\/#breadcrumb\"},\"inLanguage\":\"it-IT\",\"potentialAction\":[{\"@type\":\"ReadAction\",\"target\":[\"https:\/\/ansitzschneckart.com\/impressum\/\"]}]},{\"@type\":\"BreadcrumbList\",\"@id\":\"https:\/\/ansitzschneckart.com\/impressum\/#breadcrumb\",\"itemListElement\":[{\"@type\":\"ListItem\",\"position\":1,\"name\":\"Home\",\"item\":\"https:\/\/ansitzschneckart.com\/\"},{\"@type\":\"ListItem\",\"position\":2,\"name\":\"Impronta\"}]},{\"@type\":\"WebSite\",\"@id\":\"https:\/\/ansitzschneckart.com\/#website\",\"url\":\"https:\/\/ansitzschneckart.com\/\",\"name\":\"Ansitz Schneckart\",\"description\":\"Ein Haus von Freunden f\u00fcr Freunde\",\"publisher\":{\"@id\":\"https:\/\/ansitzschneckart.com\/#organization\"},\"potentialAction\":[{\"@type\":\"SearchAction\",\"target\":{\"@type\":\"EntryPoint\",\"urlTemplate\":\"https:\/\/ansitzschneckart.com\/?s={search_term_string}\"},\"query-input\":{\"@type\":\"PropertyValueSpecification\",\"valueRequired\":true,\"valueName\":\"search_term_string\"}}],\"inLanguage\":\"it-IT\"},{\"@type\":\"Organization\",\"@id\":\"https:\/\/ansitzschneckart.com\/#organization\",\"name\":\"Ansitz Schneckart\",\"url\":\"https:\/\/ansitzschneckart.com\/\",\"logo\":{\"@type\":\"ImageObject\",\"inLanguage\":\"it-IT\",\"@id\":\"https:\/\/ansitzschneckart.com\/#\/schema\/logo\/image\/\",\"url\":\"https:\/\/ansitzschneckart.com\/wp-content\/uploads\/2024\/08\/logo.jpg\",\"contentUrl\":\"https:\/\/ansitzschneckart.com\/wp-content\/uploads\/2024\/08\/logo.jpg\",\"width\":1500,\"height\":213,\"caption\":\"Ansitz Schneckart\"},\"image\":{\"@id\":\"https:\/\/ansitzschneckart.com\/#\/schema\/logo\/image\/\"}}]}<\/script>\n<!-- \/ Yoast SEO plugin. -->","yoast_head_json":{"title":"Impronta - Ansitz Schneckart","robots":{"index":"index","follow":"follow","max-snippet":"max-snippet:-1","max-image-preview":"max-image-preview:large","max-video-preview":"max-video-preview:-1"},"canonical":"https:\/\/ansitzschneckart.com\/impressum\/","og_locale":"it_IT","og_type":"article","og_title":"Impronta - Ansitz Schneckart","og_description":"Impronta Proprietario delle informazioni La Ansitz GmbH Andreas Hofer Stra\u00dfe 21, 39040 Tramin Tel. +39 0471 155 2000 freunde@ansitzschneckart.com www.ansitzschneckart.com Partita IVA N. \/ codice fiscale 03061430215 Codice univoco M5UXCR1 Codice CIN: IT021098A1CB2WDJS9&nbsp; Design WebfromtomThomas Maierinfo@webfromtom.com Testi Timo Schneckenburger Foto Paul Dibiasi, www.foto-dibi.bz.it Responsabilit\u00e0 Tutti i contenuti sono controllati con attenzione. Tuttavia, nessungaranzia per la [&hellip;]","og_url":"https:\/\/ansitzschneckart.com\/impressum\/","og_site_name":"Ansitz Schneckart","article_modified_time":"2024-11-06T07:41:53+00:00","twitter_card":"summary_large_image","twitter_misc":{"Tempo di lettura stimato":"2 minuti"},"schema":{"@context":"https:\/\/schema.org","@graph":[{"@type":"WebPage","@id":"https:\/\/ansitzschneckart.com\/impressum\/","url":"https:\/\/ansitzschneckart.com\/impressum\/","name":"Impronta - Ansitz Schneckart","isPartOf":{"@id":"https:\/\/ansitzschneckart.com\/#website"},"datePublished":"2021-01-29T15:09:27+00:00","dateModified":"2024-11-06T07:41:53+00:00","breadcrumb":{"@id":"https:\/\/ansitzschneckart.com\/impressum\/#breadcrumb"},"inLanguage":"it-IT","potentialAction":[{"@type":"ReadAction","target":["https:\/\/ansitzschneckart.com\/impressum\/"]}]},{"@type":"BreadcrumbList","@id":"https:\/\/ansitzschneckart.com\/impressum\/#breadcrumb","itemListElement":[{"@type":"ListItem","position":1,"name":"Home","item":"https:\/\/ansitzschneckart.com\/"},{"@type":"ListItem","position":2,"name":"Impronta"}]},{"@type":"WebSite","@id":"https:\/\/ansitzschneckart.com\/#website","url":"https:\/\/ansitzschneckart.com\/","name":"Ansitz Schneckart","description":"Ein Haus von Freunden f\u00fcr Freunde","publisher":{"@id":"https:\/\/ansitzschneckart.com\/#organization"},"potentialAction":[{"@type":"SearchAction","target":{"@type":"EntryPoint","urlTemplate":"https:\/\/ansitzschneckart.com\/?s={search_term_string}"},"query-input":{"@type":"PropertyValueSpecification","valueRequired":true,"valueName":"search_term_string"}}],"inLanguage":"it-IT"},{"@type":"Organization","@id":"https:\/\/ansitzschneckart.com\/#organization","name":"Ansitz Schneckart","url":"https:\/\/ansitzschneckart.com\/","logo":{"@type":"ImageObject","inLanguage":"it-IT","@id":"https:\/\/ansitzschneckart.com\/#\/schema\/logo\/image\/","url":"https:\/\/ansitzschneckart.com\/wp-content\/uploads\/2024\/08\/logo.jpg","contentUrl":"https:\/\/ansitzschneckart.com\/wp-content\/uploads\/2024\/08\/logo.jpg","width":1500,"height":213,"caption":"Ansitz Schneckart"},"image":{"@id":"https:\/\/ansitzschneckart.com\/#\/schema\/logo\/image\/"}}]}},"_links":{"self":[{"href":"https:\/\/ansitzschneckart.com\/it\/wp-json\/wp\/v2\/pages\/8840","targetHints":{"allow":["GET"]}}],"collection":[{"href":"https:\/\/ansitzschneckart.com\/it\/wp-json\/wp\/v2\/pages"}],"about":[{"href":"https:\/\/ansitzschneckart.com\/it\/wp-json\/wp\/v2\/types\/page"}],"author":[{"embeddable":true,"href":"https:\/\/ansitzschneckart.com\/it\/wp-json\/wp\/v2\/users\/15"}],"replies":[{"embeddable":true,"href":"https:\/\/ansitzschneckart.com\/it\/wp-json\/wp\/v2\/comments?post=8840"}],"version-history":[{"count":0,"href":"https:\/\/ansitzschneckart.com\/it\/wp-json\/wp\/v2\/pages\/8840\/revisions"}],"wp:attachment":[{"href":"https:\/\/ansitzschneckart.com\/it\/wp-json\/wp\/v2\/media?parent=8840"}],"curies":[{"name":"wp","href":"https:\/\/api.w.org\/{rel}","templated":true}]}}