{"id":8828,"date":"2021-01-20T15:29:16","date_gmt":"2021-01-20T15:29:16","guid":{"rendered":"https:\/\/ansitzschneckart.webfromtom.it\/informativa-sulla-privacy\/"},"modified":"2023-12-02T15:35:03","modified_gmt":"2023-12-02T15:35:03","slug":"informativa-sulla-privacy","status":"publish","type":"page","link":"https:\/\/ansitzschneckart.com\/it\/informativa-sulla-privacy\/","title":{"rendered":"Informativa sulla privacy"},"content":{"rendered":"\t\t<div data-elementor-type=\"wp-page\" data-elementor-id=\"8828\" class=\"elementor elementor-8828 elementor-3\" data-elementor-post-type=\"page\">\n\t\t\t\t\t\t<section class=\"elementor-section elementor-top-section elementor-element elementor-element-822fc1d elementor-section-boxed elementor-section-height-default elementor-section-height-default\" data-id=\"822fc1d\" data-element_type=\"section\" data-e-type=\"section\">\n\t\t\t\t\t\t<div class=\"elementor-container elementor-column-gap-default\">\n\t\t\t\t\t<div class=\"elementor-column elementor-col-100 elementor-top-column elementor-element elementor-element-12992e4\" data-id=\"12992e4\" data-element_type=\"column\" data-e-type=\"column\">\n\t\t\t<div class=\"elementor-widget-wrap elementor-element-populated\">\n\t\t\t\t\t\t<div class=\"elementor-element elementor-element-53010d8 elementor-widget elementor-widget-heading\" data-id=\"53010d8\" data-element_type=\"widget\" data-e-type=\"widget\" data-widget_type=\"heading.default\">\n\t\t\t\t<div class=\"elementor-widget-container\">\n\t\t\t\t\t<h1 class=\"elementor-heading-title elementor-size-default\">Informativa sulla privacy<\/h1>\t\t\t\t<\/div>\n\t\t\t\t<\/div>\n\t\t\t\t\t<\/div>\n\t\t<\/div>\n\t\t\t\t\t<\/div>\n\t\t<\/section>\n\t\t\t\t<section class=\"elementor-section elementor-top-section elementor-element elementor-element-2779fc5 elementor-section-boxed elementor-section-height-default elementor-section-height-default\" data-id=\"2779fc5\" data-element_type=\"section\" data-e-type=\"section\">\n\t\t\t\t\t\t<div class=\"elementor-container elementor-column-gap-default\">\n\t\t\t\t\t<div class=\"elementor-column elementor-col-100 elementor-top-column elementor-element elementor-element-e8fe4ba\" data-id=\"e8fe4ba\" data-element_type=\"column\" data-e-type=\"column\">\n\t\t\t<div class=\"elementor-widget-wrap elementor-element-populated\">\n\t\t\t\t\t\t<div class=\"elementor-element elementor-element-76581b7 elementor-widget elementor-widget-text-editor\" data-id=\"76581b7\" data-element_type=\"widget\" data-e-type=\"widget\" data-widget_type=\"text-editor.default\">\n\t\t\t\t<div class=\"elementor-widget-container\">\n\t\t\t\t\t\t\t\t\t<h3>1. La protezione dei dati in sintesi<\/h3>\n<h4>Informazioni generali<\/h4>\n<p>Le seguenti informazioni forniscono una semplice panoramica di ci\u00f2 che accade ai vostri dati personali quando visitate il nostro sito web. I dati personali sono tutti i dati con i quali \u00e8 possibile identificarvi personalmente. Informazioni dettagliate sul tema della protezione dei dati sono disponibili nella nostra informativa sulla privacy riportata in calce al presente testo.<\/p>\n<h4>Raccolta di dati sul nostro sito web<\/h4>\n<p>Chi \u00e8 responsabile della raccolta dei dati su questo sito?<\/p>\n<p>Il trattamento dei dati su questo sito web viene effettuato dal gestore del sito. I loro dati di contatto sono riportati nelle note legali di questo sito.<\/p>\n<p>Come raccogliamo i vostri dati?<\/p>\n<p>Da un lato, i vostri dati vengono raccolti quando ce li fornite. Pu\u00f2 trattarsi, ad esempio, dei dati inseriti dall&#8217;utente in un modulo di contatto.<\/p>\n<p>Altri dati vengono raccolti automaticamente dai nostri sistemi informatici quando visitate il sito web. Si tratta principalmente di dati tecnici (ad es. browser internet, sistema operativo o ora della visualizzazione della pagina). Questi dati vengono raccolti automaticamente non appena si entra nel nostro sito web.<\/p>\n<p>Per cosa utilizziamo i vostri dati?<\/p>\n<p>Alcuni dati vengono raccolti per garantire che il sito web sia fornito senza errori. Altri dati possono essere utilizzati per analizzare il comportamento degli utenti.<\/p>\n<p>Quali diritti avete sui vostri dati?<\/p>\n<p>Avete il diritto di ricevere gratuitamente in qualsiasi momento informazioni sull&#8217;origine, il destinatario e lo scopo dei vostri dati personali memorizzati. L&#8217;utente ha inoltre il diritto di richiedere la correzione, il blocco o la cancellazione di tali dati. Per ulteriori domande sul tema della protezione dei dati, potete contattarci in qualsiasi momento all&#8217;indirizzo indicato nella nota legale. Inoltre, avete il diritto di presentare un reclamo all&#8217;autorit\u00e0 di vigilanza competente.<\/p>\n<h4>Strumenti di analisi e strumenti di fornitori terzi<\/h4>\n<p>Quando visitate il nostro sito web, il vostro comportamento di navigazione pu\u00f2 essere valutato statisticamente. Ci\u00f2 avviene principalmente tramite i cookie e i cosiddetti programmi di analisi. L&#8217;analisi del vostro comportamento di navigazione \u00e8 generalmente anonima; il comportamento di navigazione non pu\u00f2 essere ricondotto a voi. \u00c8 possibile opporsi a questa analisi o impedirla non utilizzando determinati strumenti. Informazioni dettagliate al riguardo sono disponibili nella seguente informativa sulla privacy.<\/p>\n<p>\u00c8 possibile opporsi a questa analisi. Vi informeremo sulle opzioni di opposizione in questa informativa sulla privacy.<\/p>\n<h3>2 Note generali e informazioni obbligatorie<\/h3>\n<h4>Protezione dei dati<\/h4>\n<p>I gestori di queste pagine prendono molto sul serio la protezione dei vostri dati personali. Trattiamo i vostri dati personali in modo confidenziale e in conformit\u00e0 alle norme di legge sulla protezione dei dati e alla presente informativa sulla privacy.<\/p>\n<p>Quando si utilizza questo sito web, vengono raccolti diversi dati personali. I dati personali sono dati che possono essere utilizzati per identificarvi personalmente. La presente informativa sulla privacy spiega quali dati raccogliamo e per quali scopi li utilizziamo. Spiega inoltre come e a quale scopo ci\u00f2 avviene.<\/p>\n<p>Desideriamo sottolineare che la trasmissione di dati su Internet (ad esempio, la comunicazione via e-mail) pu\u00f2 presentare lacune nella sicurezza. Non \u00e8 possibile proteggere completamente i dati dall&#8217;accesso di terzi.<\/p>\n<h4>Nota sull&#8217;organismo responsabile<\/h4>\n<p>Il responsabile del trattamento dei dati su questo sito web \u00e8<\/p>\n<p>Thomas Maier<br \/>St. Josef am See 47<br \/>IT-39052 Caldaro<\/p>\n<p>Telefono: +39 3791007476<br \/>E-mail: maierthomas4@gmail.com<\/p>\n<p>Il responsabile del trattamento \u00e8 la persona fisica o giuridica che, da sola o insieme ad altri, determina le finalit\u00e0 e i mezzi del trattamento dei dati personali (ad esempio, nomi, indirizzi e-mail, ecc.).<\/p>\n<h4>Revoca del consenso al trattamento dei dati<\/h4>\n<p>Molte operazioni di trattamento dei dati sono possibili solo con il vostro esplicito consenso. \u00c8 possibile revocare il proprio consenso in qualsiasi momento. Tutto ci\u00f2 che dovete fare \u00e8 inviarci un&#8217;e-mail informale. La legalit\u00e0 del trattamento dei dati effettuato fino alla revoca rimane inalterata dalla revoca stessa.<\/p>\n<h4>Diritto alla portabilit\u00e0 dei dati<\/h4>\n<p>Avete il diritto di ottenere che i dati da noi trattati automaticamente sulla base del vostro consenso o in adempimento di un contratto siano consegnati a voi o a terzi in un formato comunemente utilizzato e leggibile da una macchina. Se richiedete il trasferimento diretto dei dati a un altro responsabile del trattamento, ci\u00f2 avverr\u00e0 solo nella misura in cui sia tecnicamente possibile.<\/p>\n<h4>Crittografia SSL o TLS<\/h4>\n<p>Per motivi di sicurezza e per proteggere la trasmissione di contenuti riservati, come gli ordini o le richieste di informazioni che ci inviate in qualit\u00e0 di gestore del sito, questo sito utilizza una connessione criptata SSL. Crittografia TLS. Una connessione criptata si riconosce dal fatto che la riga dell&#8217;indirizzo del browser passa da &#8220;http:\/\/&#8221; a &#8220;https:\/\/&#8221; e dal simbolo del lucchetto nella riga del browser.<\/p>\n<p>Se la crittografia SSL o TLS \u00e8 attivata, i dati che ci trasmettete non possono essere letti da terzi.<\/p>\n<h4>Informazioni, blocco, cancellazione<\/h4>\n<p>Nell&#8217;ambito delle disposizioni di legge applicabili, l&#8217;utente ha il diritto di ottenere in qualsiasi momento informazioni gratuite sui propri dati personali memorizzati, sulla loro origine e sul loro destinatario e sullo scopo del trattamento dei dati e, se necessario, il diritto alla correzione, al blocco o alla cancellazione di tali dati. Per ulteriori domande sul tema dei dati personali, potete contattarci in qualsiasi momento all&#8217;indirizzo indicato nella nota legale.<\/p>\n<h4>Obiezione alle e-mail pubblicitarie<\/h4>\n<p>Ci opponiamo all&#8217;utilizzo dei dati di contatto pubblicati nell&#8217;ambito dell&#8217;obbligo di imprinting per l&#8217;invio di materiale pubblicitario e informativo non richiesto. I gestori di questo sito web si riservano espressamente il diritto di intraprendere azioni legali in caso di invio non richiesto di informazioni pubblicitarie, come ad esempio e-mail di spam.<\/p>\n<h3>3. raccolta di dati sul nostro sito web<\/h3>\n<h4>Biscotti<\/h4>\n<p>Alcune pagine Internet utilizzano i cosiddetti cookie. I cookie non danneggiano il computer e non contengono virus. I cookie vengono utilizzati per rendere il nostro sito web pi\u00f9 facile da usare, efficace e sicuro. I cookie sono piccoli file di testo che vengono memorizzati sul computer e salvati dal browser.<\/p>\n<p>La maggior parte dei cookie che utilizziamo sono i cosiddetti &#8220;cookie di sessione&#8221;. Vengono cancellati automaticamente al termine della visita. Altri cookie rimangono memorizzati sul dispositivo finale dell&#8217;utente fino a quando non vengono eliminati. Questi cookie ci consentono di riconoscere il vostro browser alla successiva visita del nostro sito web.<\/p>\n<p>Potete impostare il vostro browser in modo da essere informati sull&#8217;impostazione dei cookie e consentire i cookie solo in singoli casi, escludere l&#8217;accettazione dei cookie per determinati casi o in generale e attivare la cancellazione automatica dei cookie alla chiusura del browser. Se i cookie vengono disattivati, la funzionalit\u00e0 di questo sito web potrebbe essere limitata.<\/p>\n<p>I cookie necessari per eseguire il processo di comunicazione elettronica o per fornire determinate funzioni richieste dall&#8217;utente (ad es. la funzione carrello) vengono memorizzati sulla base dell&#8217;art. 6 par. 1 lett. f GDPR. 1 lit. f DSGVO memorizzato. L&#8217;operatore del sito web ha un interesse legittimo nella memorizzazione dei cookie per la fornitura tecnicamente priva di errori e ottimizzata dei propri servizi. Nella misura in cui vengono memorizzati altri cookie (ad esempio, cookie per l&#8217;analisi del comportamento di navigazione), questi vengono trattati separatamente nella presente informativa sulla privacy.<\/p>\n<h4>File di log del server<\/h4>\n<p>Il fornitore delle pagine raccoglie e memorizza automaticamente le informazioni nei cosiddetti file di log del server, che il vostro browser ci trasmette automaticamente. Questi sono:<\/p>\n<p>Tipo e versione del browser<br \/>Sistema operativo utilizzato<br \/>URL di riferimento<br \/>Nome host del computer di accesso<br \/>Ora della richiesta del server<br \/>Indirizzo IP<br \/>Questi dati non vengono uniti ad altre fonti di dati.<\/p>\n<p>La base per il trattamento dei dati \u00e8 l&#8217;art. 6 par. 1 lit. f GDPR, che consente il trattamento dei dati per l&#8217;adempimento di un contratto o di misure precontrattuali.<\/p>\n<h4>Modulo di contatto<\/h4>\n<p>Se ci inviate richieste di informazioni tramite il modulo di contatto, i vostri dati dal modulo di richiesta, compresi i dati di contatto che ci avete fornito, saranno memorizzati da noi allo scopo di elaborare la richiesta e in caso di domande successive. Non trasmettiamo questi dati senza il vostro consenso.<\/p>\n<p>I dati inseriti nel modulo di contatto vengono pertanto trattati esclusivamente sulla base del vostro consenso (art. 6 par. 1 lett. a GDPR). Il consenso pu\u00f2 essere revocato in qualsiasi momento. Tutto ci\u00f2 che dovete fare \u00e8 inviarci un&#8217;e-mail informale. La legalit\u00e0 delle operazioni di trattamento dei dati effettuate fino alla revoca rimane inalterata dalla revoca stessa.<\/p>\n<p>Conserveremo i dati forniti dall&#8217;utente nel modulo di contatto fino a quando l&#8217;utente non ne richieder\u00e0 la cancellazione, non revocher\u00e0 il consenso alla loro memorizzazione o lo scopo della loro memorizzazione non sar\u00e0 pi\u00f9 pertinente (ad esempio, dopo aver soddisfatto la sua richiesta). Le disposizioni di legge obbligatorie, in particolare i periodi di conservazione, rimangono inalterate.<\/p>\n<h3>4. strumenti di analisi e pubblicit\u00e0<\/h3>\n<h4>Google Analytics<\/h4>\n<p>Questo sito web utilizza le funzioni del servizio di analisi web Google Analytics. Il fornitore \u00e8 Google Inc, 1600 Amphitheatre Parkway, Mountain View, CA 94043, USA.<\/p>\n<p>Google Analytics utilizza i cosiddetti &#8220;cookie&#8221;. Si tratta di file di testo che vengono memorizzati sul vostro computer e che consentono di analizzare il vostro utilizzo del sito web. Le informazioni generate dal cookie sull&#8217;utilizzo di questo sito web da parte dell&#8217;utente vengono solitamente trasmesse a un server di Google negli Stati Uniti e l\u00ec memorizzate.<\/p>\n<p>La memorizzazione dei cookie di Google Analytics avviene sulla base dell&#8217;art. 6 comma. 1 lit. f GDPR. L&#8217;operatore del sito web ha un interesse legittimo ad analizzare il comportamento degli utenti al fine di ottimizzare il proprio sito web e la propria pubblicit\u00e0.<\/p>\n<h5>Anonimizzazione dell&#8217;IP<\/h5>\n<p>Abbiamo attivato la funzione di anonimizzazione dell&#8217;IP su questo sito web. Di conseguenza, il vostro indirizzo IP verr\u00e0 abbreviato da Google all&#8217;interno degli Stati membri dell&#8217;Unione Europea o in altri Stati firmatari dell&#8217;Accordo sullo Spazio Economico Europeo prima di essere trasmesso agli Stati Uniti. Solo in casi eccezionali l&#8217;indirizzo IP completo viene trasmesso a un server di Google negli Stati Uniti e l\u00ec troncato. Per conto del gestore di questo sito web, Google utilizzer\u00e0 queste informazioni per analizzare l&#8217;utilizzo del sito web da parte degli utenti, per compilare report sulle attivit\u00e0 del sito web e per fornire altri servizi relativi alle attivit\u00e0 del sito web e all&#8217;utilizzo di Internet al gestore del sito web. L&#8217;indirizzo IP trasmesso dal vostro browser nell&#8217;ambito di Google Analytics non viene unito ad altri dati di Google.<\/p>\n<h5>Plugin del browser<\/h5>\n<p>L&#8217;utente pu\u00f2 rifiutare l&#8217;uso dei cookie selezionando l&#8217;impostazione appropriata sul proprio browser, ma si prega di notare che in tal caso potrebbe non essere in grado di utilizzare tutte le funzionalit\u00e0 di questo sito web. Potete inoltre impedire a Google di raccogliere i dati generati dal cookie e relativi al vostro utilizzo del sito web (compreso il vostro indirizzo IP) e di elaborarli da parte di Google scaricando e installando il plug-in del browser disponibile al seguente link: https:\/\/tools.google.com\/dlpage\/gaoptout?hl=de.<\/p>\n<h5>Obiezione alla raccolta dei dati<\/h5>\n<p>Potete impedire la raccolta dei vostri dati da parte di Google Analytics cliccando sul seguente link. Verr\u00e0 impostato un cookie di opt-out per impedire la raccolta dei vostri dati nelle visite future a questo sito web: Disattivare Google Analytics.<\/p>\n<h3>5. plugin e strumenti<\/h3>\n<h4>YouTube<\/h4>\n<p>Il nostro sito web utilizza i plugin del sito YouTube, gestito da Google. Il gestore delle pagine \u00e8 YouTube, LLC, 901 Cherry Ave, San Bruno, CA 94066, USA.<\/p>\n<p>Quando visitate una delle nostre pagine dotate di un plugin di YouTube, viene stabilita una connessione ai server di YouTube. Questo indica al server di YouTube quali pagine avete visitato.<\/p>\n<p>Se siete connessi al vostro account YouTube, consentite a YouTube di assegnare il vostro comportamento di navigazione direttamente al vostro profilo personale. \u00c8 possibile evitare che ci\u00f2 accada disconnettendosi dal proprio account YouTube.<\/p>\n<p>L&#8217;utilizzo di YouTube \u00e8 finalizzato a una presentazione accattivante delle nostre offerte online. Ci\u00f2 costituisce un interesse legittimo ai sensi dell&#8217;art. 6 par. 1 lit. f GDPR.<\/p>\n<p>Ulteriori informazioni sul trattamento dei dati degli utenti sono disponibili nell&#8217;informativa sulla privacy di YouTube: https:\/\/policies.google.com\/privacy.<\/p>\n<h4>Google Web Fonts<\/h4>\n<p>Questo sito utilizza i cosiddetti web font forniti da Google per la visualizzazione standardizzata dei caratteri. Quando si richiama una pagina, il browser carica i font web necessari nella cache del browser per visualizzare correttamente testi e caratteri.<\/p>\n<p>A tal fine, il browser utilizzato deve collegarsi ai server di Google. Di conseguenza, Google viene a conoscenza del fatto che il nostro sito web \u00e8 stato visitato tramite il vostro indirizzo IP. L&#8217;utilizzo di Google Web Fonts \u00e8 finalizzato a una presentazione uniforme e accattivante delle nostre offerte online. Ci\u00f2 costituisce un interesse legittimo ai sensi dell&#8217;art. 6 par. 1 lit. f GDPR.<\/p>\n<p>Se il browser non supporta i font web, il computer utilizzer\u00e0 un font standard.<\/p>\n<p>Ulteriori informazioni su Google Web Fonts sono disponibili all&#8217;indirizzo https:\/\/developers.google.com\/fonts\/faq e nell&#8217;informativa sulla privacy di Google: https:\/\/policies.google.com\/privacy.<\/p>\n<h4>Google Maps<\/h4>\n<p>Questo sito utilizza il servizio di mappe di Google Maps tramite un&#8217;API. Il fornitore \u00e8 Google Inc, 1600 Amphitheatre Parkway, Mountain View, CA 94043, USA.<\/p>\n<p>Per utilizzare le funzioni di Google Maps, \u00e8 necessario salvare il vostro indirizzo IP. Queste informazioni vengono solitamente trasferite a un server di Google negli Stati Uniti e l\u00ec memorizzate. Il fornitore di questo sito non ha alcuna influenza su questa trasmissione di dati.<\/p>\n<p>L&#8217;utilizzo di Google Maps \u00e8 finalizzato a una presentazione accattivante delle nostre offerte online e a facilitare la ricerca dei luoghi da noi indicati sul sito. Ci\u00f2 costituisce un interesse legittimo ai sensi dell&#8217;art. 6 par. 1 lit. f GDPR.<\/p>\n<p>Ulteriori informazioni sul trattamento dei dati degli utenti sono disponibili nell&#8217;informativa sulla privacy di Google: https:\/\/policies.google.com\/privacy.<\/p>\n\t\t\t\t\t\t\t\t<\/div>\n\t\t\t\t<\/div>\n\t\t\t\t\t<\/div>\n\t\t<\/div>\n\t\t\t\t\t<\/div>\n\t\t<\/section>\n\t\t\t\t<\/div>\n\t\t","protected":false},"excerpt":{"rendered":"<p>Informativa sulla privacy 1. La protezione dei dati in sintesi Informazioni generali Le seguenti informazioni forniscono una semplice panoramica di ci\u00f2 che accade ai vostri dati personali quando visitate il nostro sito web. I dati personali sono tutti i dati con i quali \u00e8 possibile identificarvi personalmente. Informazioni dettagliate sul tema della protezione dei dati [&hellip;]<\/p>\n","protected":false},"author":15,"featured_media":0,"parent":0,"menu_order":0,"comment_status":"closed","ping_status":"open","template":"","meta":{"footnotes":""},"class_list":["post-8828","page","type-page","status-publish","hentry"],"yoast_head":"<!-- This site is optimized with the Yoast SEO plugin v27.2 - https:\/\/yoast.com\/product\/yoast-seo-wordpress\/ -->\n<title>Informativa sulla privacy - Ansitz Schneckart<\/title>\n<meta name=\"robots\" content=\"index, follow, max-snippet:-1, max-image-preview:large, max-video-preview:-1\" \/>\n<link rel=\"canonical\" href=\"https:\/\/ansitzschneckart.com\/datenschutz\/\" \/>\n<meta property=\"og:locale\" content=\"it_IT\" \/>\n<meta property=\"og:type\" content=\"article\" \/>\n<meta property=\"og:title\" content=\"Informativa sulla privacy - Ansitz Schneckart\" \/>\n<meta property=\"og:description\" content=\"Informativa sulla privacy 1. La protezione dei dati in sintesi Informazioni generali Le seguenti informazioni forniscono una semplice panoramica di ci\u00f2 che accade ai vostri dati personali quando visitate il nostro sito web. I dati personali sono tutti i dati con i quali \u00e8 possibile identificarvi personalmente. Informazioni dettagliate sul tema della protezione dei dati [&hellip;]\" \/>\n<meta property=\"og:url\" content=\"https:\/\/ansitzschneckart.com\/datenschutz\/\" \/>\n<meta property=\"og:site_name\" content=\"Ansitz Schneckart\" \/>\n<meta property=\"article:modified_time\" content=\"2023-12-02T15:35:03+00:00\" \/>\n<meta name=\"twitter:card\" content=\"summary_large_image\" \/>\n<meta name=\"twitter:label1\" content=\"Tempo di lettura stimato\" \/>\n\t<meta name=\"twitter:data1\" content=\"11 minuti\" \/>\n<script type=\"application\/ld+json\" class=\"yoast-schema-graph\">{\"@context\":\"https:\/\/schema.org\",\"@graph\":[{\"@type\":\"WebPage\",\"@id\":\"https:\/\/ansitzschneckart.com\/datenschutz\/\",\"url\":\"https:\/\/ansitzschneckart.com\/datenschutz\/\",\"name\":\"Informativa sulla privacy - Ansitz Schneckart\",\"isPartOf\":{\"@id\":\"https:\/\/ansitzschneckart.com\/#website\"},\"datePublished\":\"2021-01-20T15:29:16+00:00\",\"dateModified\":\"2023-12-02T15:35:03+00:00\",\"breadcrumb\":{\"@id\":\"https:\/\/ansitzschneckart.com\/datenschutz\/#breadcrumb\"},\"inLanguage\":\"it-IT\",\"potentialAction\":[{\"@type\":\"ReadAction\",\"target\":[\"https:\/\/ansitzschneckart.com\/datenschutz\/\"]}]},{\"@type\":\"BreadcrumbList\",\"@id\":\"https:\/\/ansitzschneckart.com\/datenschutz\/#breadcrumb\",\"itemListElement\":[{\"@type\":\"ListItem\",\"position\":1,\"name\":\"Home\",\"item\":\"https:\/\/ansitzschneckart.com\/\"},{\"@type\":\"ListItem\",\"position\":2,\"name\":\"Informativa sulla privacy\"}]},{\"@type\":\"WebSite\",\"@id\":\"https:\/\/ansitzschneckart.com\/#website\",\"url\":\"https:\/\/ansitzschneckart.com\/\",\"name\":\"Ansitz Schneckart\",\"description\":\"Ein Haus von Freunden f\u00fcr Freunde\",\"publisher\":{\"@id\":\"https:\/\/ansitzschneckart.com\/#organization\"},\"potentialAction\":[{\"@type\":\"SearchAction\",\"target\":{\"@type\":\"EntryPoint\",\"urlTemplate\":\"https:\/\/ansitzschneckart.com\/?s={search_term_string}\"},\"query-input\":{\"@type\":\"PropertyValueSpecification\",\"valueRequired\":true,\"valueName\":\"search_term_string\"}}],\"inLanguage\":\"it-IT\"},{\"@type\":\"Organization\",\"@id\":\"https:\/\/ansitzschneckart.com\/#organization\",\"name\":\"Ansitz Schneckart\",\"url\":\"https:\/\/ansitzschneckart.com\/\",\"logo\":{\"@type\":\"ImageObject\",\"inLanguage\":\"it-IT\",\"@id\":\"https:\/\/ansitzschneckart.com\/#\/schema\/logo\/image\/\",\"url\":\"https:\/\/ansitzschneckart.com\/wp-content\/uploads\/2024\/08\/logo.jpg\",\"contentUrl\":\"https:\/\/ansitzschneckart.com\/wp-content\/uploads\/2024\/08\/logo.jpg\",\"width\":1500,\"height\":213,\"caption\":\"Ansitz Schneckart\"},\"image\":{\"@id\":\"https:\/\/ansitzschneckart.com\/#\/schema\/logo\/image\/\"}}]}<\/script>\n<!-- \/ Yoast SEO plugin. -->","yoast_head_json":{"title":"Informativa sulla privacy - Ansitz Schneckart","robots":{"index":"index","follow":"follow","max-snippet":"max-snippet:-1","max-image-preview":"max-image-preview:large","max-video-preview":"max-video-preview:-1"},"canonical":"https:\/\/ansitzschneckart.com\/datenschutz\/","og_locale":"it_IT","og_type":"article","og_title":"Informativa sulla privacy - Ansitz Schneckart","og_description":"Informativa sulla privacy 1. La protezione dei dati in sintesi Informazioni generali Le seguenti informazioni forniscono una semplice panoramica di ci\u00f2 che accade ai vostri dati personali quando visitate il nostro sito web. I dati personali sono tutti i dati con i quali \u00e8 possibile identificarvi personalmente. Informazioni dettagliate sul tema della protezione dei dati [&hellip;]","og_url":"https:\/\/ansitzschneckart.com\/datenschutz\/","og_site_name":"Ansitz Schneckart","article_modified_time":"2023-12-02T15:35:03+00:00","twitter_card":"summary_large_image","twitter_misc":{"Tempo di lettura stimato":"11 minuti"},"schema":{"@context":"https:\/\/schema.org","@graph":[{"@type":"WebPage","@id":"https:\/\/ansitzschneckart.com\/datenschutz\/","url":"https:\/\/ansitzschneckart.com\/datenschutz\/","name":"Informativa sulla privacy - Ansitz Schneckart","isPartOf":{"@id":"https:\/\/ansitzschneckart.com\/#website"},"datePublished":"2021-01-20T15:29:16+00:00","dateModified":"2023-12-02T15:35:03+00:00","breadcrumb":{"@id":"https:\/\/ansitzschneckart.com\/datenschutz\/#breadcrumb"},"inLanguage":"it-IT","potentialAction":[{"@type":"ReadAction","target":["https:\/\/ansitzschneckart.com\/datenschutz\/"]}]},{"@type":"BreadcrumbList","@id":"https:\/\/ansitzschneckart.com\/datenschutz\/#breadcrumb","itemListElement":[{"@type":"ListItem","position":1,"name":"Home","item":"https:\/\/ansitzschneckart.com\/"},{"@type":"ListItem","position":2,"name":"Informativa sulla privacy"}]},{"@type":"WebSite","@id":"https:\/\/ansitzschneckart.com\/#website","url":"https:\/\/ansitzschneckart.com\/","name":"Ansitz Schneckart","description":"Ein Haus von Freunden f\u00fcr Freunde","publisher":{"@id":"https:\/\/ansitzschneckart.com\/#organization"},"potentialAction":[{"@type":"SearchAction","target":{"@type":"EntryPoint","urlTemplate":"https:\/\/ansitzschneckart.com\/?s={search_term_string}"},"query-input":{"@type":"PropertyValueSpecification","valueRequired":true,"valueName":"search_term_string"}}],"inLanguage":"it-IT"},{"@type":"Organization","@id":"https:\/\/ansitzschneckart.com\/#organization","name":"Ansitz Schneckart","url":"https:\/\/ansitzschneckart.com\/","logo":{"@type":"ImageObject","inLanguage":"it-IT","@id":"https:\/\/ansitzschneckart.com\/#\/schema\/logo\/image\/","url":"https:\/\/ansitzschneckart.com\/wp-content\/uploads\/2024\/08\/logo.jpg","contentUrl":"https:\/\/ansitzschneckart.com\/wp-content\/uploads\/2024\/08\/logo.jpg","width":1500,"height":213,"caption":"Ansitz Schneckart"},"image":{"@id":"https:\/\/ansitzschneckart.com\/#\/schema\/logo\/image\/"}}]}},"_links":{"self":[{"href":"https:\/\/ansitzschneckart.com\/it\/wp-json\/wp\/v2\/pages\/8828","targetHints":{"allow":["GET"]}}],"collection":[{"href":"https:\/\/ansitzschneckart.com\/it\/wp-json\/wp\/v2\/pages"}],"about":[{"href":"https:\/\/ansitzschneckart.com\/it\/wp-json\/wp\/v2\/types\/page"}],"author":[{"embeddable":true,"href":"https:\/\/ansitzschneckart.com\/it\/wp-json\/wp\/v2\/users\/15"}],"replies":[{"embeddable":true,"href":"https:\/\/ansitzschneckart.com\/it\/wp-json\/wp\/v2\/comments?post=8828"}],"version-history":[{"count":0,"href":"https:\/\/ansitzschneckart.com\/it\/wp-json\/wp\/v2\/pages\/8828\/revisions"}],"wp:attachment":[{"href":"https:\/\/ansitzschneckart.com\/it\/wp-json\/wp\/v2\/media?parent=8828"}],"curies":[{"name":"wp","href":"https:\/\/api.w.org\/{rel}","templated":true}]}}